{"id":1585,"date":"2022-12-26T07:31:24","date_gmt":"2022-12-26T07:31:24","guid":{"rendered":"https:\/\/drisikustuner.com\/?page_id=1585"},"modified":"2022-12-26T07:35:03","modified_gmt":"2022-12-26T07:35:03","slug":"hakkimda","status":"publish","type":"page","link":"https:\/\/drisikustuner.com\/ar\/hakkimda\/","title":{"rendered":"Hakk\u0131mda"},"content":{"rendered":"<section id=\"bt_section69cffc79af937\"  class=\"boldSection gutter\" ><div class=\"port\"><div class=\"boldCell\"><div class=\"boldCellInner\"><div class=\"boldRow\" ><div class=\"boldRowInner\"><div class=\"rowItem col-md-6 col-sm-12 btTextLeft\"  ><div class=\"rowItemContent\" ><div class=\"bpgPhoto btTextCenter\" ><div class=\"btImage\"><img decoding=\"async\" src=\"https:\/\/drisikustuner.com\/wp-content\/uploads\/2022\/11\/2-removebg-preview.png\" alt=\"\" title=\"\"><\/div><\/div><\/div><\/div><div class=\"rowItem col-md-6 col-sm-12 btTextLeft\"  ><div class=\"rowItemContent\" ><div class=\"btClear btSeparator topSmallSpaced noBorder\" ><hr><\/div><div class=\"btText\" ><\/p>\n<p>\u0627\u0644\u0623\u0633\u062a\u0627\u0630. \u062f\u0643\u062a\u0648\u0631. \u0648\u0644\u062f \u0625\u064a\u0634\u064a\u0643 \u0623\u0648\u0633\u062a\u0646\u0631 \u0641\u064a \u0623\u0646\u0642\u0631\u0629 \u0639\u0627\u0645 1976. \u0623\u0643\u0645\u0644 \u062a\u0639\u0644\u064a\u0645\u0647 \u0627\u0644\u062b\u0627\u0646\u0648\u064a \u0641\u064a \u0645\u062f\u0631\u0633\u0629 \u0623\u0646\u0642\u0631\u0629 \u0623\u062a\u0627\u062a\u0648\u0631\u0643 \u0627\u0644\u0623\u0646\u0627\u0636\u0648\u0644\u064a\u0629 \u0627\u0644\u062b\u0627\u0646\u0648\u064a\u0629.<br \/>\n\u0623\u0643\u0645\u0644 \u062a\u0639\u0644\u064a\u0645\u0647 \u0627\u0644\u0639\u0627\u0644\u064a \u0641\u064a \u0643\u0644\u064a\u0629 \u0627\u0644\u0637\u0628 \u0628\u062c\u0627\u0645\u0639\u0629 \u0623\u0646\u0642\u0631\u0629 \u0648\u062a\u062e\u0631\u062c \u0639\u0627\u0645 2000. \u062a\u0644\u0642\u0649 \u062a\u062f\u0631\u064a\u0628\u0647 \u0627\u0644\u062a\u062e\u0635\u0635\u064a \u0641\u064a \u0643\u0644\u064a\u0629 \u0627\u0644\u0637\u0628 \u0628\u062c\u0627\u0645\u0639\u0629 \u0623\u0646\u0642\u0631\u0629 \u060c \u0642\u0633\u0645 \u0623\u0645\u0631\u0627\u0636 \u0627\u0644\u0646\u0633\u0627\u0621 \u0648\u0627\u0644\u062a\u0648\u0644\u064a\u062f \u0628\u064a\u0646 2000-2005 \u0648\u0623\u0635\u0628\u062d \u0623\u062e\u0635\u0627\u0626\u064a \u0623\u0645\u0631\u0627\u0636 \u0627\u0644\u0646\u0633\u0627\u0621 \u0648\u0627\u0644\u062a\u0648\u0644\u064a\u062f.<br \/>\n\u0628\u0639\u062f \u062e\u062f\u0645\u062a\u0647 \u0627\u0644\u0639\u0633\u0643\u0631\u064a\u0629 \u060c \u0628\u062f\u0623 \u0627\u0644\u0639\u0645\u0644 \u0643\u0637\u0628\u064a\u0628 \u0639\u0645\u0644\u064a\u0627\u062a \u0641\u064a \u0645\u0633\u062a\u0634\u0641\u0649 \u0623\u062a\u0627\u062a\u0648\u0631\u0643 \u0644\u0644\u062a\u062f\u0631\u064a\u0628 \u0648\u0627\u0644\u0628\u062d\u0648\u062b (\u0645\u0633\u062a\u0634\u0641\u0649 \u0645\u062f\u064a\u0646\u0629 \u0623\u0646\u0642\u0631\u0629) \u060c \u0628\u0644\u0643\u0646\u062a \u060c \u0623\u0646\u0642\u0631\u0629.<br \/>\n\u0639\u0645\u0644\u062a \u0628\u064a\u0646 \u0639\u0627\u0645\u064a 2010 \u0648 2014 \u0643\u0623\u0633\u062a\u0627\u0630 \u0645\u0634\u0627\u0631\u0643 \u0641\u064a \u0642\u0633\u0645 \u0623\u0645\u0631\u0627\u0636 \u0627\u0644\u0646\u0633\u0627\u0621 \u0648\u0627\u0644\u062a\u0648\u0644\u064a\u062f \u0641\u064a \u062c\u0627\u0645\u0639\u0629 \u0631\u062c\u0628 \u0637\u064a\u0628 \u0623\u0631\u062f\u0648\u063a\u0627\u0646.<br \/>\n\u0628\u064a\u0646 2014-2021 \u060c \u0639\u0645\u0644 \u0643\u0623\u0633\u062a\u0627\u0630 \u062f\u0643\u062a\u0648\u0631 \u0641\u064a \u0645\u064a\u062f\u064a\u0643\u0627\u0646\u0627 \u0627\u0646\u062a\u0631\u0646\u0627\u0634\u0648\u0646\u0627\u0644 \u0628\u064a\u0644\u064a\u0643 \u062f\u0648\u0632\u0648 \u060c \u0645\u0633\u062a\u0634\u0641\u0649 \u0627\u0633\u0637\u0646\u0628\u0648\u0644.<br \/>\n\u0627\u0644\u0623\u0633\u062a\u0627\u0630. \u062f\u0643\u062a\u0648\u0631. \u0644\u0627 \u064a\u0632\u0627\u0644 I\u015f\u0131k \u00dcst\u00fcner \u064a\u0642\u062f\u0645 \u062e\u062f\u0645\u0627\u062a\u0647 \u0641\u064a \u062c\u0645\u064a\u0639 \u0623\u0645\u0631\u0627\u0636 \u0627\u0644\u0646\u0633\u0627\u0621 \u0648\u0627\u0644\u062a\u0648\u0644\u064a\u062f \u060c \u0648\u062e\u0627\u0635\u0629 \u0645\u062a\u0627\u0628\u0639\u0629 \u0627\u0644\u062d\u0645\u0644 \u0648\u0627\u0644\u0648\u0644\u0627\u062f\u0629 \u0627\u0644\u0637\u0628\u064a\u0639\u064a\u0629 \u0648\u0627\u0644\u0645\u062a\u0627\u0628\u0639\u0629 \u0648\u0639\u0644\u0627\u062c \u062d\u0627\u0644\u0627\u062a \u0627\u0644\u062d\u0645\u0644 \u0639\u0627\u0644\u064a\u0629 \u0627\u0644\u062e\u0637\u0648\u0631\u0629 \u0641\u064a \u0639\u064a\u0627\u062f\u062a\u0647 \u0627\u0644\u062e\u0627\u0635\u0629.<\/p>\n<p><strong>\u0627\u0644\u0645\u062f\u0627\u0631\u0633 \/ \u0627\u0644\u062f\u0648\u0631\u0627\u062a \u0627\u0644\u062a\u062f\u0631\u064a\u0628\u064a\u0629<\/strong><\/p>\n<ul>\n<li>Ankara \u00dcniversitesi T\u0131p Fak\u00fcltesi, T\u0131p Doktoru, 2000<\/li>\n<li>Ankara \u00dcniversitesi T\u0131p Fak\u00fcltesi, Kad\u0131n Hastal\u0131klar\u0131 ve Do\u011fum Uzman\u0131, 2005<\/li>\n<\/ul>\n<p><strong>\u062e\u0628\u0631\u0629<\/strong><\/p>\n<ul>\n<li>Atat\u00fcrk E\u011fitim ve Ara\u015ft\u0131rma Hastanesi (Ankara \u015eehir Hastanesi) Bilkent\/Ankara, 2006-2010<\/li>\n<li>Recep Tayyip Erdo\u011fan \u00dcniversitesi Kad\u0131n Hastal\u0131klar\u0131 ve Do\u011fum Anabilim Dal\u0131, 2010-2014<\/li>\n<li>Medicana International Beylikd\u00fcz\u00fc \u0130stanbul 2014-2021<\/li>\n<\/ul>\n<p>\n<\/div><\/div><\/div><\/div><\/div><\/div><\/div><\/div><\/section>","protected":false},"excerpt":{"rendered":"","protected":false},"author":1,"featured_media":0,"parent":0,"menu_order":0,"comment_status":"closed","ping_status":"closed","template":"","meta":{"footnotes":""},"class_list":["post-1585","page","type-page","status-publish","hentry"],"aioseo_notices":[],"_links":{"self":[{"href":"https:\/\/drisikustuner.com\/ar\/wp-json\/wp\/v2\/pages\/1585","targetHints":{"allow":["GET"]}}],"collection":[{"href":"https:\/\/drisikustuner.com\/ar\/wp-json\/wp\/v2\/pages"}],"about":[{"href":"https:\/\/drisikustuner.com\/ar\/wp-json\/wp\/v2\/types\/page"}],"author":[{"embeddable":true,"href":"https:\/\/drisikustuner.com\/ar\/wp-json\/wp\/v2\/users\/1"}],"replies":[{"embeddable":true,"href":"https:\/\/drisikustuner.com\/ar\/wp-json\/wp\/v2\/comments?post=1585"}],"version-history":[{"count":5,"href":"https:\/\/drisikustuner.com\/ar\/wp-json\/wp\/v2\/pages\/1585\/revisions"}],"predecessor-version":[{"id":1590,"href":"https:\/\/drisikustuner.com\/ar\/wp-json\/wp\/v2\/pages\/1585\/revisions\/1590"}],"wp:attachment":[{"href":"https:\/\/drisikustuner.com\/ar\/wp-json\/wp\/v2\/media?parent=1585"}],"curies":[{"name":"wp","href":"https:\/\/api.w.org\/{rel}","templated":true}]}}