{"id":1594,"date":"2023-04-19T13:29:23","date_gmt":"2023-04-19T13:29:23","guid":{"rendered":"https:\/\/drisikustuner.com\/?page_id=1594"},"modified":"2023-05-03T14:27:24","modified_gmt":"2023-05-03T14:27:24","slug":"genital-estetik","status":"publish","type":"page","link":"https:\/\/drisikustuner.com\/ar\/genital-estetik\/","title":{"rendered":"Genital estetik"},"content":{"rendered":"<section id=\"bt_section69cffb5796b3e\"  class=\"boldSection gutter\" ><div class=\"port\"><div class=\"boldCell\"><div class=\"boldCellInner\"><div class=\"boldRow\" ><div class=\"boldRowInner\"><div class=\"rowItem col-md-12 col-ms-12  btTextLeft\"  ><div class=\"rowItemContent\" ><div class=\"bpgPhoto btTextCenter\" ><div class=\"btImage\"><img decoding=\"async\" src=\"https:\/\/drisikustuner.com\/wp-content\/uploads\/2023\/04\/Lazerle-vajina-daraltma.jpg\" alt=\"\" title=\"\"><\/div><\/div><div class=\"btText\" ><\/p>\n<p><strong>Lazerle vajina daraltma <\/strong><br \/>\nLazer yard\u0131m\u0131yla vajinal daraltma i\u015flemi son derece a\u011fr\u0131s\u0131zd\u0131r. Bu nedenle lokal veya genel anestezi gereksinimi yoktur. I\u015flem s\u0131ras\u0131nda cerrahi bir kesi veya diki\u015f uygulanmaz bu sayede de i\u015flemin kanama, enfeksiyon gibi komplikasyon riskleri yoktur. Ameliyattan \u00e7ekinen hastalar i\u00e7in iyi bir se\u00e7enektir. Di\u011fer yandan i\u015flem. vajinas\u0131ndaki geni\u015fleme nedeniyle cinsel hazz\u0131 yeterince hissedemeyen kad\u0131nlar i\u00e7in uygundur. Ancak do\u011fum sonras\u0131 idrar torbas\u0131, ba\u011f\u0131rsak veya rahim sarkmas\u0131 gibi anatomik sorunlar\u0131 olan hastalar i\u00e7in vajinoplasti operasyonlar\u0131 (vajinan\u0131n ameliyatla daralt\u0131lmas\u0131) \u00e7ok daha uygun bir alternatiftir. Bunun yan\u0131nda idrar torbas\u0131nda sarkma problemi olmayan ancak \u00f6ks\u00fcr\u00fck. hap\u015f\u0131rma veya g\u00fclme s\u0131ras\u0131nda idrar ka\u00e7\u0131ran kad\u0131nlar i\u00e7in de lazerle vajina daraltma uygun bir \u00e7\u00f6z\u00fcm sa\u011flamaktad\u0131r.<\/p>\n<p><strong>Himenoplasti <\/strong><br \/>\nCinsel ili\u015fki s\u0131ras\u0131nda veya vajinal b\u00f6lgeye al\u0131nan fiziksel bir darbe sonucu zarar g\u00f6ren k\u0131zl\u0131k zar\u0131n\u0131n onar\u0131lmas\u0131n\u0131 ama\u00e7layan cerrahi bir operasyondur. -Himenoplasti&#8221; k\u0131zl\u0131k zar\u0131 dikimi olarak da adland\u0131r\u0131l\u0131r. K\u0131zl\u0131k zar\u0131 onar\u0131m\u0131 vajina esteti\u011fi ameliyatlar\u0131 aras\u0131na girer. Ge\u00e7ici ya da kal\u0131c\u0131 olmak \u00fczere iki tip onar\u0131m \u015fekli vard\u0131r.<\/p>\n<p><strong>Vajinal (genital) b\u00f6lge beyazlatma <\/strong><br \/>\nGenital b\u00f6lgede meydana gelen kararmalar\u0131 gidermek amac\u0131yla ba\u015fvurulan bir y\u00f6ntemdir. i\u015flem &#8220;vulva renk a\u00e7ma&#8221; uygulamas\u0131 olarak da an\u0131l\u0131r. Vulva kad\u0131nlar\u0131n genital b\u00f6lgesinin d\u0131\u015f k\u0131sm\u0131na verilen isimdir. Devaml\u0131 sentetik i\u00e7 \u00e7ama\u015f\u0131r\u0131 giyilmesi, g\u00fcnl\u00fck ped kullan\u0131m\u0131, dar k\u0131yafet giyilmesi, cildin pH dengesini bozan temizleyiciler, kremler, deodorantlar, lazerle epilasyon, t\u00fcy d\u00f6k\u00fcc\u00fc kremler ve a\u011fda uygulamalar\u0131 genital b\u00f6lgenin renginde koyula\u015fmaya neden olur. Vulvaya uygulanacak beyazlatma i\u015flemine doktor muayenesi ard\u0131ndan karar verilir. BeyazIatma i\u015flemi i\u00e7in lazer ve sol\u00fcsyon tedavileri, ki\u015fiye muayene edilen g\u00fcn i\u00e7inde uygulanabilir. i\u015flemler basit, a\u011fr\u0131s\u0131z ve g\u00fcnl\u00fck hayata hemen d\u00f6n\u00fc\u015f\u00fc m\u00fcmk\u00fcn k\u0131lan uygulamalard\u0131r.<\/p>\n<p><strong>Hudoplasti<\/strong><br \/>\nGenital b\u00f6lgede yer alan klitoris \u00fczerindeki fazla deri dokusunun ve katlant\u0131lar\u0131n \u00e7\u0131kar\u0131lmas\u0131 i\u015flemine &#8220;hudoplasti&#8221; denir. Buradaki doku fazlal\u0131\u011f\u0131n\u0131n cinsel ya\u015fam \u00fczerinde olumsuz etkisi bulunmaktad\u0131r. Bu durum cinsel ili\u015fkiden haz alamama ve cinsel isteksizlik sorunlar\u0131n\u0131n ya\u015fanmas\u0131na neden olmaktad\u0131r. Bu operasyonla klitorisin g\u00f6r\u00fcn\u00fcm\u00fcnde d\u00fczeltme yap\u0131l\u0131rken i\u015flem, orgazma ula\u015fma s\u00fcresinin k\u0131salmas\u0131na vesile oldu\u011fundan cinsel ili\u015fki konforunun artmas\u0131na katk\u0131 sa\u011flamaktad\u0131r.<\/p>\n<p><strong>Vajina di\u015f dudak dolgusu <\/strong><br \/>\n(Labia Major Augmentasyonu)<br \/>\nilerleyen ya\u015f, k\u00f6t\u00fc beslenme, h\u0131zl\u0131 kilo al\u0131p v s\u0131k mast\u00fcrbasyon veya cinsel ili\u015fkiler, kolajen zay\u0131fl \u011f 1 (genetik ve \u00e7evresel fakt\u00f6rler), sigara ve alkol t\u00fcketiminin fazla olmas\u0131 gibi nedenlerden dolay\u0131 b\u00fcy\u00fck vajinal dudaklarda sarkmalar ve \u015fekil bozukluklar\u0131 olabilir. Bu sebeplerle b\u00fcy\u00fck dudaklardaki \u00e7\u00f6kme, sarkma ve k\u0131r\u0131\u015fma kad\u0131nlarda rahat\u0131z edici bir durum haline gelebilmektedir. D\u0131\u015f dudaklardaki sarkma ve k\u0131r\u0131\u015f\u0131k g\u00f6r\u00fcn\u00fcm cerrahi olarak d\u00fczeltildikten sonra b\u00fcy\u00fck dudaklara ya\u011f dolgusu i\u015flemi yap\u0131larak istenilen g\u00f6r\u00fcn\u00fcm\u00fcn elde edilmesi m\u00fcmk\u00fcnd\u00fcr.<\/p>\n<p>\n<\/div><\/div><\/div><\/div><\/div><\/div><\/div><\/div><\/section>","protected":false},"excerpt":{"rendered":"","protected":false},"author":1,"featured_media":0,"parent":0,"menu_order":0,"comment_status":"closed","ping_status":"closed","template":"","meta":{"footnotes":""},"class_list":["post-1594","page","type-page","status-publish","hentry"],"aioseo_notices":[],"_links":{"self":[{"href":"https:\/\/drisikustuner.com\/ar\/wp-json\/wp\/v2\/pages\/1594","targetHints":{"allow":["GET"]}}],"collection":[{"href":"https:\/\/drisikustuner.com\/ar\/wp-json\/wp\/v2\/pages"}],"about":[{"href":"https:\/\/drisikustuner.com\/ar\/wp-json\/wp\/v2\/types\/page"}],"author":[{"embeddable":true,"href":"https:\/\/drisikustuner.com\/ar\/wp-json\/wp\/v2\/users\/1"}],"replies":[{"embeddable":true,"href":"https:\/\/drisikustuner.com\/ar\/wp-json\/wp\/v2\/comments?post=1594"}],"version-history":[{"count":3,"href":"https:\/\/drisikustuner.com\/ar\/wp-json\/wp\/v2\/pages\/1594\/revisions"}],"predecessor-version":[{"id":1600,"href":"https:\/\/drisikustuner.com\/ar\/wp-json\/wp\/v2\/pages\/1594\/revisions\/1600"}],"wp:attachment":[{"href":"https:\/\/drisikustuner.com\/ar\/wp-json\/wp\/v2\/media?parent=1594"}],"curies":[{"name":"wp","href":"https:\/\/api.w.org\/{rel}","templated":true}]}}