{"id":296,"date":"2015-12-02T09:19:25","date_gmt":"2015-12-02T09:19:25","guid":{"rendered":"http:\/\/medical.bold-themes.com\/clinic\/?page_id=296"},"modified":"2022-12-25T14:23:48","modified_gmt":"2022-12-25T14:23:48","slug":"miyomlar","status":"publish","type":"page","link":"https:\/\/drisikustuner.com\/ar\/miyomlar\/","title":{"rendered":"\u0627\u0644\u0623\u0648\u0631\u0627\u0645 \u0627\u0644\u0644\u064a\u0641\u064a\u0629"},"content":{"rendered":"<p><section id=\"bt_section69cff9dc7955b\"  class=\"boldSection btDivider topSemiSpaced bottomSemiSpaced btDarkSkin gutter inherit wBackground cover\" style=\"background-color:#0cb8b6;background-image:url('https:\/\/drisikustuner.com\/wp-content\/uploads\/2015\/12\/bgn-grad.png');\"><div class=\"port\"><div class=\"boldCell\"><div class=\"boldCellInner\"><div class=\"boldRow\" ><div class=\"boldRowInner\"><div class=\"rowItem col-md-12 col-ms-12  btTextLeft animate animate-fadein animate-moveleft inherit\"  ><div class=\"rowItemContent\" ><div class=\"btClear btSeparator topExtraSmallSpaced noBorder\" ><hr><\/div><div class=\"btClear btSeparator topExtraSmallSpaced noBorder\" ><hr><\/div><header class=\"header btClear large  btNormalDash\" ><div class=\"dash\"><h2><span class=\"headline\">\u0627\u0644\u0623\u0648\u0631\u0627\u0645 \u0627\u0644\u0644\u064a\u0641\u064a\u0629<\/span><\/h2><\/div><\/header><\/div><\/div><\/div><\/div><\/div><\/div><\/div><\/section><section id=\"bt_section69cff9dc799ab\"  class=\"boldSection topSpaced bottomSpaced gutter btMiddleVertical\" ><div class=\"port\"><div class=\"boldCell\"><div class=\"boldCellInner\"><div class=\"boldRow\" ><div class=\"boldRowInner\"><div class=\"rowItem col-md-12 col-ms-12  btTextLeft animate animate-fadein animate-moveright btTopVertical\"  ><div class=\"rowItemContent\" ><div class=\"btClear btSeparator bottomSmallSpaced border\" ><hr><\/div><div class=\"btText\" ><\/p>\n<p><img loading=\"lazy\" decoding=\"async\" class=\"size-full wp-image-1418 alignleft\" src=\"https:\/\/drisikustuner.com\/wp-content\/uploads\/2022\/11\/miyom.jpg\" alt=\"\" width=\"300\" height=\"168\" \/>\u0627\u0644\u0623\u0648\u0631\u0627\u0645 \u0627\u0644\u0644\u064a\u0641\u064a\u0629 \u0647\u064a \u0623\u0643\u062b\u0631 \u0643\u062a\u0644 \u0627\u0644\u0631\u062d\u0645 \u0627\u0644\u062d\u0645\u064a\u062f\u0629 \u0634\u064a\u0648\u0639\u064b\u0627 \u0639\u0646\u062f \u0627\u0644\u0646\u0633\u0627\u0621 \u0648\u0627\u0644\u062a\u064a \u062a\u0646\u0634\u0623 \u0645\u0646 \u062e\u0644\u064a\u0629 \u0639\u0636\u0644\u064a\u0629 \u0645\u0644\u0633\u0627\u0621 \u0648\u0627\u062d\u062f\u0629. \u064a\u0634\u0627\u0631 \u0623\u064a\u0636\u064b\u0627 \u0625\u0644\u0649 \u0627\u0644\u0623\u0648\u0631\u0627\u0645 \u0627\u0644\u0644\u064a\u0641\u064a\u0629 \u0628\u0634\u0643\u0644 \u0634\u0627\u0626\u0639 \u0628\u0627\u0633\u0645 \u0627\u0644\u0623\u0648\u0631\u0627\u0645 \u0627\u0644\u0639\u0636\u0644\u064a\u0629 \u0627\u0644\u0645\u0644\u0633\u0627\u0621 \u0623\u0648 \u0627\u0644\u0623\u0648\u0631\u0627\u0645 \u0627\u0644\u0644\u064a\u0641\u064a\u0629.<\/p>\n<p>\u062a\u0648\u0627\u062a\u0631 \u0627\u0644\u0623\u0648\u0631\u0627\u0645 \u0627\u0644\u0644\u064a\u0641\u064a\u0629 \u0648\u0641\u064a\u0647 \u062a\u0638\u0647\u0631 \u0623\u0643\u062b\u0631 \u061b<\/p>\n<p>\u0628\u064a\u0646\u0645\u0627 \u062a\u0638\u0647\u0631 \u0627\u0644\u0623\u0648\u0631\u0627\u0645 \u0627\u0644\u0644\u064a\u0641\u064a\u0629 \u0641\u064a 20-30\u066a \u0645\u0646 \u062c\u0645\u064a\u0639 \u0627\u0644\u0646\u0633\u0627\u0621 \u060c \u0641\u0625\u0646 \u0647\u0630\u0627 \u0627\u0644\u0645\u0639\u062f\u0644 \u064a\u0635\u0644 \u0625\u0644\u0649 50\u066a \u0641\u064a \u0639\u0645\u0644\u064a\u0627\u062a \u0627\u0644\u062a\u0634\u0631\u064a\u062d. \u0647\u0630\u0627 \u064a\u0631\u062c\u0639 \u0625\u0644\u0649 \u062d\u0642\u064a\u0642\u0629 \u0623\u0646 \u0645\u0639\u0638\u0645 \u0627\u0644\u0623\u0648\u0631\u0627\u0645 \u0627\u0644\u0644\u064a\u0641\u064a\u0629 \u0644\u0627 \u062a\u0638\u0647\u0631 \u0639\u0644\u064a\u0647\u0627 \u0623\u0639\u0631\u0627\u0636 \u0648\u0644\u0627 \u064a\u0645\u0643\u0646 \u062a\u0634\u062e\u064a\u0635\u0647\u0627 \u0642\u0628\u0644 \u062a\u0634\u0631\u064a\u062d \u0627\u0644\u062c\u062b\u0629. \u0639\u0627\u062f\u0629\u064b \u0645\u0627 \u064a\u0643\u0648\u0646 \u0623\u0643\u062b\u0631 \u0634\u064a\u0648\u0639\u064b\u0627 \u0639\u0646\u062f \u0627\u0644\u0623\u0645\u0631\u064a\u0643\u064a\u064a\u0646 \u0645\u0646 \u0623\u0635\u0644 \u0623\u0641\u0631\u064a\u0642\u064a (\u062d\u0648\u0627\u0644\u064a 50 \u066a) \u060c \u0628\u064a\u0646\u0645\u0627 \u064a\u0643\u0648\u0646 \u062d\u0648\u0627\u0644\u064a 25 \u066a \u0641\u064a \u0627\u0644\u0633\u0628\u0627\u0642\u0627\u062a \u0627\u0644\u0622\u0633\u064a\u0648\u064a\u0629 \u0648\u0627\u0644\u0642\u0648\u0642\u0627\u0632\u064a\u0629. \u0628\u064a\u0646\u0645\u0627 \u0646\u0627\u062f\u0631\u064b\u0627 \u0645\u0627 \u062a\u0638\u0647\u0631 \u0627\u0644\u0623\u0648\u0631\u0627\u0645 \u0627\u0644\u0644\u064a\u0641\u064a\u0629 \u062a\u062d\u062a \u0633\u0646 18 \u0639\u0627\u0645\u064b\u0627 \u060c \u0641\u0625\u0646\u0647\u0627 \u063a\u0627\u0644\u0628\u064b\u0627 \u0645\u0627 \u062a\u062a\u0642\u0644\u0635 \u0648\u062a\u062e\u062a\u0641\u064a \u0628\u0639\u062f \u0627\u0646\u0642\u0637\u0627\u0639 \u0627\u0644\u0637\u0645\u062b.<\/p>\n<p><strong>\u0623\u0646\u0648\u0627\u0639 \u0627\u0644\u0623\u0648\u0631\u0627\u0645 \u0627\u0644\u0644\u064a\u0641\u064a\u0629<\/strong><\/p>\n<p>\u0628\u0634\u0643\u0644 \u0639\u0627\u0645 \u060c \u062a\u0646\u0642\u0633\u0645 \u0627\u0644\u0623\u0648\u0631\u0627\u0645 \u0627\u0644\u0644\u064a\u0641\u064a\u0629 \u0625\u0644\u0649 \u062b\u0644\u0627\u062b\u0629 \u0623\u0646\u0648\u0627\u0639 \u0631\u0626\u064a\u0633\u064a\u0629 \u0648\u0641\u0642\u064b\u0627 \u0644\u0637\u0628\u0642\u0629 \u0627\u0644\u0631\u062d\u0645 \u0627\u0644\u062a\u064a \u062a\u0648\u062c\u062f \u0628\u0647\u0627. \u0646\u0627\u062f\u0631\u064b\u0627 \u0645\u0627 \u062a\u0646\u062a\u0634\u0631 \u0627\u0644\u0623\u0648\u0631\u0627\u0645 \u0627\u0644\u0644\u064a\u0641\u064a\u0629 \u0641\u064a \u062c\u0645\u064a\u0639 \u0623\u0646\u062d\u0627\u0621 \u0627\u0644\u062c\u0633\u0645 \u060c \u0648\u0644\u0643\u0646\u0647\u0627 \u0642\u062f \u062a\u0638\u0644 \u062d\u0645\u064a\u062f\u0629 \u061b \u0647\u0630\u0647 \u0627\u0644\u062d\u0627\u0644\u0629 \u062a\u0633\u0645\u0649 \u0627\u0644\u0648\u0631\u0645 \u0627\u0644\u0639\u0636\u0644\u064a.<\/p>\n<p><strong>\u0643\u062b\u064a\u0641:<\/strong>\u00a0\u064a\u0633\u062a\u0642\u0631\u0648\u0646 \u0623\u0633\u0641\u0644 \u0627\u0644\u0637\u0628\u0642\u0629 \u0627\u0644\u062e\u0627\u0631\u062c\u064a\u0629 \u0644\u0644\u0631\u062d\u0645. \u0642\u062f \u064a\u062a\u0645 \u0645\u0637\u0627\u0631\u062f\u0629 \u0627\u0644\u0623\u0646\u0648\u0627\u0639 \u0627\u0644\u0643\u062b\u064a\u0641\u0629 \u0648\u0642\u062f \u062a\u0646\u0634\u0623 \u0648\u062a\u0646\u0645\u0648 \u0645\u0646 \u0633\u0627\u0642 \u0635\u063a\u064a\u0631 \u0645\u0646 \u0627\u0644\u0631\u062d\u0645. \u064a\u0645\u0643\u0646 \u0623\u0646 \u062a\u0643\u0648\u0646 \u0627\u0644\u0623\u0648\u0631\u0627\u0645 \u0627\u0644\u0644\u064a\u0641\u064a\u0629 \u0627\u0644\u062c\u0630\u0639\u064a\u0629 \u0639\u0628\u0627\u0631\u0629 \u0639\u0646 \u0623\u0648\u0639\u064a\u0629 \u062f\u0645\u0648\u064a\u0629 \u0645\u0646 \u0623\u0639\u0636\u0627\u0621 \u0623\u062e\u0631\u0649 \u0645\u062c\u0627\u0648\u0631\u0629 \u060c \u0645\u062b\u0644 \u0627\u0644\u0645\u0628\u064a\u0636 \u0623\u0648 \u0623\u0639\u0636\u0627\u0621 \u0623\u062e\u0631\u0649 \u062f\u0627\u062e\u0644 \u0627\u0644\u0628\u0637\u0646 \u061b \u062b\u0645 \u064a\u0637\u0644\u0642 \u0639\u0644\u064a\u0647 \u0627\u0644\u0623\u0648\u0631\u0627\u0645 \u0627\u0644\u0644\u064a\u0641\u064a\u0629 \u0627\u0644\u0637\u0641\u064a\u0644\u064a\u0629.<\/p>\n<p><strong>\u062f\u0627\u062e\u0644\u064a:<\/strong>\u00a0\u062a\u062a\u0637\u0648\u0631 \u0627\u0644\u0623\u0648\u0631\u0627\u0645 \u0627\u0644\u0644\u064a\u0641\u064a\u0629 \u062f\u0627\u062e\u0644 \u0627\u0644\u0639\u0636\u0644\u0627\u062a \u0627\u0644\u0645\u0644\u0633\u0627\u0621 \u0644\u0644\u0631\u062d\u0645.<\/p>\n<p><strong>\u062a\u062d\u062a \u0627\u0644\u0645\u062e\u0627\u0637\u064a\u0629:<\/strong>\u00a0\u062a\u0642\u0639 \u0647\u0630\u0647 \u0627\u0644\u0623\u0646\u0648\u0627\u0639 \u062a\u062d\u062a \u0627\u0644\u0637\u0628\u0642\u0629 \u0627\u0644\u062f\u0627\u062e\u0644\u064a\u0629 \u0644\u0644\u0631\u062d\u0645 \u0648\u063a\u0627\u0644\u0628\u064b\u0627 \u0645\u0627 \u062a\u0633\u0628\u0628 \u0646\u0632\u064a\u0641\u064b\u0627 \u063a\u064a\u0631 \u0637\u0628\u064a\u0639\u064a. \u0642\u062f \u062a\u0643\u0648\u0646 \u0627\u0644\u0623\u0648\u0631\u0627\u0645 \u0627\u0644\u0644\u064a\u0641\u064a\u0629 \u062a\u062d\u062a \u0627\u0644\u0645\u062e\u0627\u0637\u064a\u0629 \u0645\u0639\u0646\u0642\u0629 \u0648\u0642\u062f \u062a\u0628\u0631\u0632 \u0645\u0646 \u0639\u0646\u0642 \u0627\u0644\u0631\u062d\u0645.<\/p>\n<p><strong>Myomlarda de\u011ferlendirme ve tan\u0131 koyma;<\/strong><\/p>\n<p>Miyom tan\u0131s\u0131 rutin genital muayene s\u0131ras\u0131nda d\u00fczensiz b\u00fcy\u00fck rahimin hissedilmesi \u00fczerine \u015f\u00fcphe ile konulur. Miyomdan \u015f\u00fcphelenilir ise ultrasonografi en iyi ve en ucuz se\u00e7enektir. Kar\u0131ndan (b\u00fcy\u00fck miyomlar i\u00e7in), vajinadan (k\u00fc\u00e7\u00fck myomlar i\u00e7in) ultrasonografi yap\u0131labilir.<\/p>\n<p><strong>\u0639\u0644\u0627\u062c \u0627\u0648 \u0645\u0639\u0627\u0645\u0644\u0629<\/strong><\/p>\n<p>\u0642\u0628\u0644 \u0628\u062f\u0621 \u0627\u0644\u0639\u0644\u0627\u062c \u060c \u064a\u062c\u0628 \u0623\u062e\u0630 \u0639\u064a\u0646\u0627\u062a \u0645\u0646 \u0628\u0637\u0627\u0646\u0629 \u0627\u0644\u0631\u062d\u0645 \u0644\u062c\u0645\u064a\u0639 \u0627\u0644\u0645\u0631\u0636\u0649 \u0627\u0644\u0630\u064a\u0646 \u064a\u0639\u0627\u0646\u0648\u0646 \u0645\u0646 \u0646\u0632\u064a\u0641 \u063a\u064a\u0631 \u0637\u0628\u064a\u0639\u064a \u0628\u0639\u062f \u0633\u0646 35-40 \u0633\u0646\u0629 \u0644\u0627\u0633\u062a\u0628\u0639\u0627\u062f \u0633\u0631\u0637\u0627\u0646 \u0627\u0644\u0631\u062d\u0645 \u0623\u0648 \u0633\u0645\u0627\u0643\u0629. \u064a\u0642\u0648\u0645 \u0627\u0644\u062a\u0635\u0648\u064a\u0631 \u0628\u0627\u0644\u0645\u0648\u062c\u0627\u062a \u0641\u0648\u0642 \u0627\u0644\u0635\u0648\u062a\u064a\u0629 \u0628\u062a\u0642\u064a\u064a\u0645 \u0639\u062f\u062f \u0648\u0645\u0648\u0642\u0639 \u0648\u0642\u0637\u0631 \u0627\u0644\u0648\u0631\u0645 \u0627\u0644\u0639\u0636\u0644\u064a. \u0644\u062a\u0642\u064a\u064a\u0645 \u0641\u0642\u0631 \u0627\u0644\u062f\u0645 \u060c \u064a\u062c\u0628 \u0625\u062c\u0631\u0627\u0621 \u062a\u0639\u062f\u0627\u062f \u062f\u0645 \u0643\u0627\u0645\u0644 \u0648\u0625\u062c\u0631\u0627\u0621 \u0627\u062e\u062a\u0628\u0627\u0631\u0627\u062a \u062a\u062e\u062b\u0631 \u0627\u0644\u062f\u0645.<\/p>\n<p>\u0645\u0639\u0638\u0645 \u0627\u0644\u0646\u0633\u0627\u0621 \u0627\u0644\u0645\u0635\u0627\u0628\u0627\u062a \u0628\u0627\u0644\u0623\u0648\u0631\u0627\u0645 \u0627\u0644\u0644\u064a\u0641\u064a\u0629 \u0644\u0627 \u062a\u0638\u0647\u0631 \u0639\u0644\u064a\u0647\u0646 \u0623\u0639\u0631\u0627\u0636 \u0648\u064a\u062a\u0645 \u0645\u062a\u0627\u0628\u0639\u062a\u0647\u0646 \u0628\u0628\u0633\u0627\u0637\u0629 \u062f\u0648\u0646 \u0623\u064a \u0639\u0644\u0627\u062c. \u0623\u0641\u0636\u0644 \u0637\u0631\u064a\u0642\u0629 \u0644\u0644\u0645\u062a\u0627\u0628\u0639\u0629 \u0647\u064a \u0627\u0644\u0641\u062d\u0635 \u0628\u0627\u0644\u0645\u0648\u062c\u0627\u062a \u0641\u0648\u0642 \u0627\u0644\u0635\u0648\u062a\u064a\u0629 \u0643\u0644 6 \u0623\u0634\u0647\u0631 \u062d\u062a\u0649 \u062a\u062a\u0648\u0642\u0641 \u0627\u0644\u0623\u0648\u0631\u0627\u0645 \u0627\u0644\u0644\u064a\u0641\u064a\u0629 \u0639\u0646 \u0627\u0644\u0646\u0645\u0648 \u060c \u062b\u0645 \u0641\u062d\u0635 \u0627\u0644\u0623\u0639\u0636\u0627\u0621 \u0627\u0644\u062a\u0646\u0627\u0633\u0644\u064a\u0629 \u0633\u0646\u0648\u064a\u064b\u0627. \u0625\u0630\u0627 \u0638\u0647\u0631\u062a \u0639\u0644\u0649 \u0627\u0644\u0645\u0631\u064a\u0636 \u0623\u0639\u0631\u0627\u0636 \u060c \u064a\u062c\u0628 \u0645\u0639\u0627\u0644\u062c\u0629 \u0627\u0644\u0623\u0639\u0631\u0627\u0636. \u0627\u0644\u062e\u0637\u0648\u0629 \u0627\u0644\u0623\u0648\u0644\u0649 \u0641\u064a \u0627\u0644\u0645\u062a\u0627\u0628\u0639\u0629 \u0647\u064a \u0627\u0644\u0639\u0644\u0627\u062c \u0628\u0627\u0644\u0639\u0642\u0627\u0642\u064a\u0631 \u0648\u0627\u0644\u0623\u0648\u0644\u0648\u064a\u0629 \u0641\u064a \u0627\u0644\u062c\u0631\u0627\u062d\u0629 \u0647\u064a \u0627\u0644\u0639\u0644\u0627\u062c \u0627\u0644\u062c\u0631\u0627\u062d\u064a \u0627\u0644\u0630\u064a \u064a\u062d\u0627\u0641\u0638 \u0639\u0644\u0649 \u0627\u0644\u0631\u062d\u0645.<\/p>\n<p><strong>\u0645\u0627 \u0647\u064a \u0627\u0644\u0623\u062f\u0648\u064a\u0629 \u0627\u0644\u0645\u0633\u062a\u062e\u062f\u0645\u0629 \u0641\u064a \u0639\u0644\u0627\u062c \u0627\u0644\u0648\u0631\u0645 \u0627\u0644\u0639\u0636\u0644\u064a\u061f<\/strong><\/p>\n<p>\u062e\u0637 \u0627\u0644\u0639\u0644\u0627\u062c \u0627\u0644\u0623\u0648\u0644 \u0647\u0648 \u0627\u0644\u0623\u062f\u0648\u064a\u0629 \u0627\u0644\u0645\u0636\u0627\u062f\u0629 \u0644\u0644\u0627\u0644\u062a\u0647\u0627\u0628\u0627\u062a \u0648\u064a\u062a\u0645 \u0627\u0633\u062a\u062e\u062f\u0627\u0645\u0647\u0627 \u0641\u064a \u062d\u0627\u0644\u0629 \u0623\u0644\u0645 \u0627\u0644\u062f\u0648\u0631\u0629 \u0627\u0644\u0634\u0647\u0631\u064a\u0629. \u064a\u0642\u0644\u0644 \u0647\u0630\u0627 \u0627\u0644\u0639\u0644\u0627\u062c \u0645\u0646 \u062a\u0642\u0644\u0635\u0627\u062a \u0627\u0644\u062f\u0648\u0631\u0629 \u0627\u0644\u0634\u0647\u0631\u064a\u0629 \u0627\u0644\u0645\u0641\u0631\u0637\u0629 \u0648\u0622\u0644\u0627\u0645 \u0627\u0644\u0636\u063a\u0637. \u0627\u0644\u0639\u0644\u0627\u062c \u0627\u0644\u0623\u0648\u0644 \u0644\u0644\u0646\u0632\u064a\u0641 \u0647\u0648 \u0627\u0644\u0639\u0644\u0627\u062c \u0627\u0644\u0647\u0631\u0645\u0648\u0646\u064a. \u064a\u0645\u0643\u0646 \u0627\u0633\u062a\u062e\u062f\u0627\u0645 \u0623\u062f\u0648\u064a\u0629 \u0627\u0644\u0628\u0631\u0648\u062c\u0633\u062a\u0631\u0648\u0646 \u0648\u062c\u0631\u0639\u0627\u062a \u0645\u0646\u062e\u0641\u0636\u0629 \u0645\u0646 \u062d\u0628\u0648\u0628 \u0645\u0646\u0639 \u0627\u0644\u062d\u0645\u0644 \u0644\u0639\u0644\u0627\u062c \u0627\u0644\u0646\u0632\u064a\u0641 \u062f\u0648\u0646 \u0627\u0644\u062a\u0633\u0628\u0628 \u0641\u064a \u0646\u0645\u0648 \u0627\u0644\u0623\u0648\u0631\u0627\u0645 \u0627\u0644\u0644\u064a\u0641\u064a\u0629. \u0628\u0635\u0631\u0641 \u0627\u0644\u0646\u0638\u0631 \u0639\u0646 \u0647\u0630\u0647 \u060c \u062a\u064f\u0633\u062a\u062e\u062f\u0645 \u0623\u064a\u0636\u064b\u0627 \u0639\u0644\u0627\u062c\u0627\u062a \u0647\u0631\u0645\u0648\u0646\u064a\u0629 \u0623\u062e\u0631\u0649 \u060c \u0648\u0644\u0643\u0646 \u0628\u062f\u0631\u062c\u0629 \u0623\u0642\u0644.<\/p>\n<p><strong>\u0627\u0644\u0639\u0644\u0627\u062c \u0627\u0644\u062c\u0631\u0627\u062d\u064a \u0644\u0644\u0648\u0631\u0645.<\/strong><\/p>\n<p>\u0647\u0646\u0627\u0643 \u0628\u062f\u0627\u0626\u0644 \u062c\u0631\u0627\u062d\u064a\u0629 \u0625\u0630\u0627 \u0643\u0627\u0646 \u0627\u0644\u0639\u0644\u0627\u062c \u0628\u0627\u0644\u0623\u062f\u0648\u064a\u0629 \u063a\u064a\u0631 \u0643\u0627\u0641\u064d \u060c \u0623\u0648 \u0625\u0630\u0627 \u0643\u0627\u0646 \u0644\u0644\u0623\u062f\u0648\u064a\u0629 \u0622\u062b\u0627\u0631 \u062c\u0627\u0646\u0628\u064a\u0629 \u060c \u0623\u0648 \u0625\u0630\u0627 \u0643\u0627\u0646 \u0627\u0644\u0645\u0631\u064a\u0636 \u0644\u0627 \u064a\u0631\u064a\u062f \u062a\u0646\u0627\u0648\u0644 \u0627\u0644\u0623\u062f\u0648\u064a\u0629. \u0625\u0630\u0627 \u0643\u0627\u0646 \u0627\u0644\u0648\u0631\u0645 \u0627\u0644\u0644\u064a\u0641\u064a \u0635\u063a\u064a\u0631\u064b\u0627 (\u0644\u064a\u0633 \u0623\u0643\u0628\u0631 \u0645\u0646 3-5 \u0633\u0645) \u060c \u0641\u064a\u0645\u0643\u0646 \u0625\u0632\u0627\u0644\u0629 \u0627\u0644\u0648\u0631\u0645 \u0627\u0644\u0644\u064a\u0641\u064a \u0648\u0627\u0644\u0639\u0644\u0627\u062c\u0627\u062a \u0627\u0644\u0645\u0645\u0627\u062b\u0644\u0629 \u0644\u0644\u062a\u062d\u0643\u0645 \u0641\u064a \u0627\u0644\u0646\u0632\u064a\u0641.<\/p>\n<p>\u0627\u0644\u0639\u0644\u0627\u062c \u0627\u0644\u062c\u0631\u0627\u062d\u064a \u0627\u0644\u0645\u062d\u0627\u0641\u0638 \u0647\u0648 \u062c\u0631\u0627\u062d\u0629 \u0627\u0633\u062a\u0626\u0635\u0627\u0644 \u0627\u0644\u0648\u0631\u0645 \u0627\u0644\u0644\u064a\u0641\u064a \u0627\u0644\u062a\u064a \u062a\u062d\u0627\u0641\u0638 \u0639\u0644\u0649 \u0627\u0644\u0631\u062d\u0645. \u062a\u062a\u0645 \u0625\u0632\u0627\u0644\u0629 \u0627\u0644\u0648\u0631\u0645 \u0627\u0644\u0644\u064a\u0641\u064a \u0648\u0627\u0644\u062d\u0641\u0627\u0638 \u0639\u0644\u0649 \u0627\u0644\u0631\u062d\u0645. \u064a\u0645\u0643\u0646 \u0625\u062c\u0631\u0627\u0621 \u0647\u0630\u0627 \u0627\u0644\u0639\u0644\u0627\u062c \u0643\u062c\u0631\u0627\u062d\u0629 \u0631\u0648\u0628\u0648\u062a\u064a\u0629 \u0623\u0648 \u062a\u0646\u0638\u064a\u0631 \u0627\u0644\u0628\u0637\u0646 \u0623\u0648 \u062a\u0646\u0638\u064a\u0631 \u0627\u0644\u0631\u062d\u0645 \u0623\u0648 \u0627\u0644\u062c\u0631\u0627\u062d\u0629 \u0627\u0644\u0645\u0641\u062a\u0648\u062d\u0629. \u0627\u0644\u0639\u0644\u0627\u062c \u0627\u0644\u0646\u0647\u0627\u0626\u064a (\u0645\u0639 \u0623\u0648 \u0628\u062f\u0648\u0646 \u0625\u0632\u0627\u0644\u0629 \u0627\u0644\u0645\u0628\u064a\u0636) \u0647\u0648 \u0625\u0632\u0627\u0644\u0629 \u0627\u0644\u0631\u062d\u0645. \u062a\u0639\u062a\u0645\u062f \u0625\u0632\u0627\u0644\u0629 \u0627\u0644\u0645\u0628\u0627\u064a\u0636 \u0639\u0644\u0649 \u0627\u0644\u062d\u0627\u0644\u0629 \u0627\u0644\u0647\u0631\u0645\u0648\u0646\u064a\u0629 \u0648\u0639\u0645\u0631 \u0627\u0644\u0645\u0631\u064a\u0636\u0629. \u064a\u0645\u0643\u0646 \u0625\u062c\u0631\u0627\u0621 \u0647\u0630\u0647 \u0627\u0644\u0639\u0645\u0644\u064a\u0627\u062a \u0627\u0644\u062c\u0631\u0627\u062d\u064a\u0629 \u0639\u0646 \u0637\u0631\u064a\u0642 \u0627\u0644\u0645\u0647\u0628\u0644 \u0623\u0648 \u0627\u0644\u0631\u0648\u0628\u0648\u062a \u0623\u0648 \u0628\u0627\u0644\u0645\u0646\u0638\u0627\u0631 \u0623\u0648 \u0627\u0644\u062c\u0631\u0627\u062d\u0629 \u0627\u0644\u0645\u0641\u062a\u0648\u062d\u0629 (\u062d\u0633\u0628 \u062d\u062c\u0645 \u0627\u0644\u0631\u062d\u0645 \u0648\u062e\u0628\u0631\u0629 \u0627\u0644\u062c\u0631\u0627\u062d).<\/p>\n<p>\n<\/div><\/div><\/div><\/div><\/div><\/div><\/div><\/div><\/section><\/p>","protected":false},"excerpt":{"rendered":"","protected":false},"author":2,"featured_media":0,"parent":0,"menu_order":0,"comment_status":"closed","ping_status":"closed","template":"","meta":{"footnotes":""},"class_list":["post-296","page","type-page","status-publish","hentry"],"aioseo_notices":[],"_links":{"self":[{"href":"https:\/\/drisikustuner.com\/ar\/wp-json\/wp\/v2\/pages\/296","targetHints":{"allow":["GET"]}}],"collection":[{"href":"https:\/\/drisikustuner.com\/ar\/wp-json\/wp\/v2\/pages"}],"about":[{"href":"https:\/\/drisikustuner.com\/ar\/wp-json\/wp\/v2\/types\/page"}],"author":[{"embeddable":true,"href":"https:\/\/drisikustuner.com\/ar\/wp-json\/wp\/v2\/users\/2"}],"replies":[{"embeddable":true,"href":"https:\/\/drisikustuner.com\/ar\/wp-json\/wp\/v2\/comments?post=296"}],"version-history":[{"count":4,"href":"https:\/\/drisikustuner.com\/ar\/wp-json\/wp\/v2\/pages\/296\/revisions"}],"predecessor-version":[{"id":1572,"href":"https:\/\/drisikustuner.com\/ar\/wp-json\/wp\/v2\/pages\/296\/revisions\/1572"}],"wp:attachment":[{"href":"https:\/\/drisikustuner.com\/ar\/wp-json\/wp\/v2\/media?parent=296"}],"curies":[{"name":"wp","href":"https:\/\/api.w.org\/{rel}","templated":true}]}}