{"id":1585,"date":"2022-12-26T07:31:24","date_gmt":"2022-12-26T07:31:24","guid":{"rendered":"https:\/\/drisikustuner.com\/?page_id=1585"},"modified":"2022-12-26T07:35:03","modified_gmt":"2022-12-26T07:35:03","slug":"hakkimda","status":"publish","type":"page","link":"https:\/\/drisikustuner.com\/en\/hakkimda\/","title":{"rendered":"Hakk\u0131mda"},"content":{"rendered":"<section id=\"bt_section69f2c45545eb7\"  class=\"boldSection gutter\" ><div class=\"port\"><div class=\"boldCell\"><div class=\"boldCellInner\"><div class=\"boldRow\" ><div class=\"boldRowInner\"><div class=\"rowItem col-md-6 col-sm-12 btTextLeft\"  ><div class=\"rowItemContent\" ><div class=\"bpgPhoto btTextCenter\" ><div class=\"btImage\"><img decoding=\"async\" src=\"https:\/\/drisikustuner.com\/wp-content\/uploads\/2022\/11\/2-removebg-preview.png\" alt=\"\" title=\"\"><\/div><\/div><\/div><\/div><div class=\"rowItem col-md-6 col-sm-12 btTextLeft\"  ><div class=\"rowItemContent\" ><div class=\"btClear btSeparator topSmallSpaced noBorder\" ><hr><\/div><div class=\"btText\" ><\/p>\n<p>Dr. I\u015f\u0131k \u00dcst\u00fcner was born in Ankara in 1976. He completed his high school education at Ankara Atat\u00fcrk Anatolian High School.<br \/>\nHe completed his higher education at Ankara University Faculty of Medicine and graduated in 2000. She received her specialization training in Ankara University Faculty of Medicine, Department of Obstetrics and Gynecology between 2000-2005 and became a Gynecology and Obstetrics Specialist.<br \/>\nAfter his military service, he started to work as an operating doctor in Atat\u00fcrk Training and Research Hospital (Ankara City Hospital), Bilkent, Ankara.<br \/>\nBetween 2010 and 2014, he worked as an Associate Professor at the Department of Obstetrics and Gynecology at Recep Tayyip Erdogan University.<br \/>\nBetween 2014-2021, he worked as a Professor Doctor at Medicana International Beylikd\u00fcz\u00fc, Istanbul Hospital.<br \/>\nprof. Dr. I\u015f\u0131k \u00dcst\u00fcner still provides services in all obstetrics and gynecology, especially pregnancy follow-up, normal delivery and follow-up and treatment of high-risk pregnancies in his own practice.<\/p>\n<p><strong>Schools \/ Trainings<\/strong><\/p>\n<ul>\n<li>Ankara \u00dcniversitesi T\u0131p Fak\u00fcltesi, T\u0131p Doktoru, 2000<\/li>\n<li>Ankara \u00dcniversitesi T\u0131p Fak\u00fcltesi, Kad\u0131n Hastal\u0131klar\u0131 ve Do\u011fum Uzman\u0131, 2005<\/li>\n<\/ul>\n<p><strong>experiences<\/strong><\/p>\n<ul>\n<li>Atat\u00fcrk E\u011fitim ve Ara\u015ft\u0131rma Hastanesi (Ankara \u015eehir Hastanesi) Bilkent\/Ankara, 2006-2010<\/li>\n<li>Recep Tayyip Erdo\u011fan \u00dcniversitesi Kad\u0131n Hastal\u0131klar\u0131 ve Do\u011fum Anabilim Dal\u0131, 2010-2014<\/li>\n<li>Medicana International Beylikd\u00fcz\u00fc \u0130stanbul 2014-2021<\/li>\n<\/ul>\n<p>\n<\/div><\/div><\/div><\/div><\/div><\/div><\/div><\/div><\/section>","protected":false},"excerpt":{"rendered":"","protected":false},"author":1,"featured_media":0,"parent":0,"menu_order":0,"comment_status":"closed","ping_status":"closed","template":"","meta":{"footnotes":""},"class_list":["post-1585","page","type-page","status-publish","hentry"],"aioseo_notices":[],"_links":{"self":[{"href":"https:\/\/drisikustuner.com\/en\/wp-json\/wp\/v2\/pages\/1585","targetHints":{"allow":["GET"]}}],"collection":[{"href":"https:\/\/drisikustuner.com\/en\/wp-json\/wp\/v2\/pages"}],"about":[{"href":"https:\/\/drisikustuner.com\/en\/wp-json\/wp\/v2\/types\/page"}],"author":[{"embeddable":true,"href":"https:\/\/drisikustuner.com\/en\/wp-json\/wp\/v2\/users\/1"}],"replies":[{"embeddable":true,"href":"https:\/\/drisikustuner.com\/en\/wp-json\/wp\/v2\/comments?post=1585"}],"version-history":[{"count":5,"href":"https:\/\/drisikustuner.com\/en\/wp-json\/wp\/v2\/pages\/1585\/revisions"}],"predecessor-version":[{"id":1590,"href":"https:\/\/drisikustuner.com\/en\/wp-json\/wp\/v2\/pages\/1585\/revisions\/1590"}],"wp:attachment":[{"href":"https:\/\/drisikustuner.com\/en\/wp-json\/wp\/v2\/media?parent=1585"}],"curies":[{"name":"wp","href":"https:\/\/api.w.org\/{rel}","templated":true}]}}