{"id":1659,"date":"2025-07-19T07:39:21","date_gmt":"2025-07-19T07:39:21","guid":{"rendered":"https:\/\/drisikustuner.com\/?page_id=1659"},"modified":"2025-07-19T08:00:08","modified_gmt":"2025-07-19T08:00:08","slug":"kolposkopi-nedir","status":"publish","type":"page","link":"https:\/\/drisikustuner.com\/en\/kolposkopi-nedir\/","title":{"rendered":"Kolposkopi nedir?"},"content":{"rendered":"<section id=\"bt_section69e00856401de\"  class=\"boldSection gutter\" ><div class=\"port\"><div class=\"boldCell\"><div class=\"boldCellInner\"><div class=\"boldRow\" ><div class=\"boldRowInner\"><div class=\"rowItem col-md-12 col-ms-12  btTextLeft\"  ><div class=\"rowItemContent\" ><div class=\"btText\" ><\/p>\n<p><strong>Kolposkopi nedir?<\/strong><\/p>\n<p><figure id=\"attachment_1660\" aria-describedby=\"caption-attachment-1660\" style=\"width: 528px\" class=\"wp-caption alignright\"><img loading=\"lazy\" decoding=\"async\" class=\"wp-image-1660 size-full\" src=\"https:\/\/drisikustuner.com\/wp-content\/uploads\/2025\/07\/sekil-1.png\" alt=\"\" width=\"528\" height=\"485\" srcset=\"https:\/\/drisikustuner.com\/wp-content\/uploads\/2025\/07\/sekil-1.png 528w, https:\/\/drisikustuner.com\/wp-content\/uploads\/2025\/07\/sekil-1-320x294.png 320w\" sizes=\"auto, (max-width: 528px) 100vw, 528px\" \/><figcaption id=\"caption-attachment-1660\" class=\"wp-caption-text\"><strong>\u015eekil 1<\/strong><\/figcaption><\/figure>\n<\/p>\n<p>Kolposkopi, doktorunuzun rahim a\u011fz\u0131n\u0131 incelemesini sa\u011flayan bir testtir. Rahim a\u011fz\u0131, rahmin vajinayla birle\u015fti\u011fi alt k\u0131s\u0131md\u0131r ( <strong>\u015eekil 1 <\/strong>). Kolposkopi ayr\u0131ca vajina ve vulvay\u0131 incelemek i\u00e7in de kullan\u0131labilir.<\/p>\n<p>Doktorunuz kolposkopi \u015fu durumlarda \u00f6nerebilir:<\/p>\n<ul>\n<li>Anormal bir Pap smear testi veya HPV testi yapt\u0131rd\u0131ysan\u0131z, &#8220;HPV&#8221;, &#8220;insan papilloma vir\u00fcs\u00fc&#8221; anlam\u0131na gelir. Bu, bazen rahim a\u011fz\u0131 kanserine neden olabilen bir vir\u00fcst\u00fcr. Bu testlerin her ikisi de rahim a\u011fz\u0131 kanseri taramas\u0131 i\u00e7in kullan\u0131l\u0131r.<\/li>\n<li>Pelvik muayeneniz s\u0131ras\u0131nda fark ettikleri bir \u015feye daha yak\u0131ndan bakmak i\u00e7in<\/li>\n<li>Rahim a\u011fz\u0131n\u0131zdan, vajinan\u0131zdan veya vulvan\u0131zdan anormal h\u00fccreleri \u00e7\u0131karmak i\u00e7in yap\u0131lan bir i\u015flem s\u0131ras\u0131nda \u2013 Bu, kanseri tedavi etmek veya \u00f6nlemek i\u00e7in yap\u0131labilir.<\/li>\n<\/ul>\n<p>Kolposkopi s\u0131ras\u0131nda doktor, &#8220;biyopsi&#8221; ad\u0131 verilen k\u00fc\u00e7\u00fck bir doku \u00f6rne\u011fi de alabilir ve patoloji incelemesi isteyebilir.<\/p>\n<p><strong>Kolposkopiye nas\u0131l haz\u0131rlanmal\u0131y\u0131m?<\/strong><\/p>\n<p>Doktorunuz, \u00f6zel bir haz\u0131rl\u0131k yapman\u0131z gerekip gerekmedi\u011fini size s\u00f6yleyecektir. Adet d\u00f6nemi d\u0131\u015f\u0131nda herhangi bir zamanda kolposkopi yapt\u0131rabilirsiniz.<\/p>\n<p>Doktorunuz ayr\u0131ca &#8220;sa\u011fl\u0131k ge\u00e7mi\u015finizi&#8221; de soracakt\u0131r. Bu, ge\u00e7mi\u015fte ya\u015fad\u0131\u011f\u0131n\u0131z veya ge\u00e7irdi\u011finiz herhangi bir sa\u011fl\u0131k sorununuz, ge\u00e7irdi\u011finiz ameliyatlar ve kulland\u0131\u011f\u0131n\u0131z ila\u00e7lar hakk\u0131nda sorular sormay\u0131 i\u00e7erir. Doktorunuza \u015funlar\u0131 anlat\u0131n:<\/p>\n<ul>\n<li>Kulland\u0131\u011f\u0131n\u0131z ila\u00e7lar \u2013 Bunlara, kulland\u0131\u011f\u0131n\u0131z re\u00e7eteli veya re\u00e7etesiz ila\u00e7lar ile ald\u0131\u011f\u0131n\u0131z bitkisel takviyeler dahildir. Kulland\u0131\u011f\u0131n\u0131z t\u00fcm ila\u00e7lar\u0131n bir listesini yaz\u0131p yan\u0131n\u0131zda getirmeniz faydal\u0131 olacakt\u0131r.<\/li>\n<li>\u0130yot alerjisi de dahil olmak \u00fczere herhangi bir alerjiniz var m\u0131?<\/li>\n<li>Herhangi bir kanama sorununuz varsa &#8211; Baz\u0131 bitkiler ve takviyeler de dahil olmak \u00fczere baz\u0131 ila\u00e7lar kanama riskini art\u0131rabilir. Baz\u0131 sa\u011fl\u0131k sorunlar\u0131 da bu riski art\u0131r\u0131r.<\/li>\n<li>Hamileyseniz veya hamile olma ihtimaliniz varsa \u2013 Hamileyseniz kolposkopi yapt\u0131rabilirsiniz. Ancak doktorunuz hamilelik s\u0131ras\u0131nda biyopsi yapmak istemeyebilir.<\/li>\n<\/ul>\n<p>Sorular\u0131n\u0131z varsa veya anlamad\u0131\u011f\u0131n\u0131z bir \u015fey varsa doktorunuza sorun.<\/p>\n<p><figure id=\"attachment_1661\" aria-describedby=\"caption-attachment-1661\" style=\"width: 466px\" class=\"wp-caption alignleft\"><img loading=\"lazy\" decoding=\"async\" class=\"wp-image-1661\" src=\"https:\/\/drisikustuner.com\/wp-content\/uploads\/2025\/07\/sekil-2.png\" alt=\"\u015eekil 2\" width=\"466\" height=\"391\" srcset=\"https:\/\/drisikustuner.com\/wp-content\/uploads\/2025\/07\/sekil-2.png 615w, https:\/\/drisikustuner.com\/wp-content\/uploads\/2025\/07\/sekil-2-320x268.png 320w, https:\/\/drisikustuner.com\/wp-content\/uploads\/2025\/07\/sekil-2-540x453.png 540w\" sizes=\"auto, (max-width: 466px) 100vw, 466px\" \/><figcaption id=\"caption-attachment-1661\" class=\"wp-caption-text\"><strong>\u015eekil 2<\/strong><\/figcaption><\/figure>\n<\/p>\n<p><strong>Kolposkopi s\u0131ras\u0131nda neler olur?<\/strong><\/p>\n<p>\u0130\u015flem zaman\u0131 geldi\u011finde:<\/p>\n<ul>\n<li>Belden a\u015fa\u011f\u0131s\u0131n\u0131 soyunacaks\u0131n\u0131z ve jinekolojik muayene masas\u0131na s\u0131rt \u00fcst\u00fc uzanacaks\u0131n\u0131z ve ayaklar\u0131n\u0131zda ayak tutucular olacak. Bu, bacaklar\u0131n\u0131z\u0131n b\u00fck\u00fcl\u00fc ve a\u00e7\u0131k kalmas\u0131n\u0131 sa\u011flayacakt\u0131r.<\/li>\n<li>Doktorunuz vajinan\u0131za &#8220;spekulum&#8221; ad\u0131 verilen bir aleti nazik\u00e7e yerle\u015ftirecektir. Bu, vajinan\u0131z\u0131n duvarlar\u0131n\u0131 birbirinden ay\u0131rmaya yard\u0131mc\u0131 olur. Yak\u0131n zamanda yapt\u0131rmad\u0131ysan\u0131z, Pap smear veya HPV testi de yapt\u0131rabilirler. Bunun i\u00e7in, rahim a\u011fz\u0131n\u0131z\u0131n y\u00fczeyinden h\u00fccreleri hafif\u00e7e toplamak i\u00e7in k\u00fc\u00e7\u00fck bir alet kullan\u0131rlar.<\/li>\n<li>Doktor, vajinan\u0131z\u0131n ve serviksinizin yak\u0131ndan g\u00f6r\u00fcn\u00fcm\u00fcn\u00fc elde etmek i\u00e7in &#8220;kolposkop&#8221; ad\u0131 verilen bir cihaz kullanacakt\u0131r (\u00a0<strong>\u015eekil 2<\/strong>). Bu, stand \u00fczerinde duran bir mikroskop gibidir. Size dokunmaz.<\/li>\n<li>Rahim a\u011fz\u0131n\u0131za &#8221; asetik asit\u00a0&#8221; ad\u0131 verilen bir s\u0131v\u0131 damlatacaklar\u00a0. Bu ac\u0131 vermez. Anormal b\u00f6lgeleri g\u00f6rmeyi kolayla\u015ft\u0131r\u0131r. Bazen ba\u015fka bir s\u0131v\u0131 t\u00fcr\u00fc de kullanabilirler.<\/li>\n<li>Biyopsi yapt\u0131rman\u0131z gerekiyorsa, doktorunuz rahim a\u011fz\u0131n\u0131zdan birka\u00e7 k\u00fc\u00e7\u00fck doku \u00f6rne\u011fi almak i\u00e7in \u00f6zel bir alet kullanacakt\u0131r. Bu i\u015flem s\u0131ras\u0131nda biraz rahats\u0131zl\u0131k veya kramp hissedebilirsiniz. Ard\u0131ndan doktorunuz \u00f6rnekleri patoloji laboratuvar\u0131na g\u00f6nderecektir. Biyopsiden sonra, kanamay\u0131 durdurmak i\u00e7in \u00f6zel bir s\u0131v\u0131 kullanabilirler.<\/li>\n<li>Kolposkopi i\u015flemi yakla\u015f\u0131k 5-10 dakika kadar s\u00fcrer.<\/li>\n<\/ul>\n<p><strong>Kolposkopi sonras\u0131 neler olur?<\/strong><\/p>\n<p>Normal aktivitelerinize d\u00f6nebilirsiniz. Testten hemen sonra ba\u015f d\u00f6nmesi veya mide bulant\u0131s\u0131 hissedebilirsiniz. Ancak bu genellikle k\u0131sa s\u00fcrede ge\u00e7er.<\/p>\n<p>E\u011fer biyopsi yapt\u0131rd\u0131ysan\u0131z:<\/p>\n<ul>\n<li>Birka\u00e7 g\u00fcn hafif kanama ya\u015fayabilirsiniz. Ayr\u0131ca koyu renkli vajinal ak\u0131nt\u0131n\u0131z da olabilir. Bu, doktorun kanamay\u0131 kontrol alt\u0131na almak i\u00e7in kulland\u0131\u011f\u0131 s\u0131v\u0131dan kaynaklan\u0131r. Ped veya g\u00fcnl\u00fck ped kullan\u0131n.<\/li>\n<li>48 saat boyunca vajinal cinsel ili\u015fkiden ka\u00e7\u0131n\u0131n. Vajinan\u0131za tampon veya vajinal du\u015f gibi ba\u015fka \u015feyler koymay\u0131n. Bunlar rahim a\u011fz\u0131nda kanamaya neden olabilir.<\/li>\n<li>Doktorunuz sonu\u00e7lar\u0131n\u0131z\u0131 ne zaman beklemeniz gerekti\u011fini ve bunlar\u0131n ne anlama geldi\u011fini size s\u00f6yleyecektir.<\/li>\n<\/ul>\n<p><strong>Kolposkopinin riskleri nelerdir?<\/strong><\/p>\n<p>Doktorunuz olas\u0131 t\u00fcm riskler hakk\u0131nda sizinle konu\u015facak ve sorular\u0131n\u0131z\u0131 yan\u0131tlayacakt\u0131r. Olas\u0131 riskler \u015funlard\u0131r:<\/p>\n<ul>\n<li>Kanama<\/li>\n<li>Enfeksiyon<\/li>\n<\/ul>\n<p><strong>Doktoru ne zaman aramal\u0131y\u0131m?<\/strong><\/p>\n<p>A\u015fa\u011f\u0131daki durumlarda tavsiye almak i\u00e7in bizi aray\u0131n:<\/p>\n<ul>\n<li>A\u011f\u0131r vajinal kanama<\/li>\n<li>7 g\u00fcnden uzun s\u00fcren kanama<\/li>\n<li>K\u00f6t\u00fc kokulu vajinal ak\u0131nt\u0131<\/li>\n<li>Pelvik a\u011fr\u0131 veya kramp<\/li>\n<li>38\u00b0C veya daha y\u00fcksek ate\u015f<\/li>\n<\/ul>\n<p>&nbsp;<\/p>\n<p><strong>Prof. Dr. I\u015f\u0131k \u00dcst\u00fcner<\/strong><\/p>\n<p><strong>Kad\u0131n Hastal\u0131klar\u0131 ve Do\u011fum <\/strong><\/p>\n<p><strong>\u00a0<\/strong><\/p>\n<p><strong>\u00a0<\/strong><\/p>\n<p><strong>\u00a0<\/strong><\/p>\n<p><strong>\u00a0<\/strong><\/p>\n<p><strong>\u00a0<\/strong><\/p>\n<p><strong>\u00a0<\/strong><\/p>\n<p><strong>\u00a0<\/strong><\/p>\n<p><strong>\u00a0<\/strong><\/p>\n<p><strong>\u00a0<\/strong><\/p>\n<p><strong>\u00a0<\/strong><\/p>\n<p><strong>\u00a0<\/strong><\/p>\n<p><strong>\u00a0<\/strong><\/p>\n<p><strong>\u00a0<\/strong><\/p>\n<p><strong>\u00a0<\/strong><\/p>\n<p><strong>\u00a0<\/strong><\/p>\n<p><strong>\u00a0<\/strong><\/p>\n<p><strong>\u00a0<\/strong><\/p>\n<p><strong>\u00a0<\/strong><\/p>\n<p><strong>\u00a0<\/strong><\/p>\n<p><strong>\u00a0<\/strong><\/p>\n<p><strong>\u00a0<\/strong><\/p>\n<p><strong>\u00a0<\/strong><\/p>\n<p><strong>\u00a0<\/strong><\/p>\n<p><strong>\u00a0<\/strong><\/p>\n<p><strong>\u00a0<\/strong><\/p>\n<p>&nbsp;<\/p>\n<p><strong>\u00a0<\/strong><\/p>\n<p><strong>\u00a0<\/strong><\/p>\n<p><strong>\u00a0<\/strong><\/p>\n<p><strong>\u00a0<\/strong><\/p>\n<p><strong>\u00a0<\/strong><\/p>\n<p><strong>\u00a0<\/strong><\/p>\n<p><strong>\u00a0<\/strong><\/p>\n<p><strong>\u00a0<\/strong><\/p>\n<p><strong>\u00a0<\/strong><\/p>\n<p><strong>\u00a0<\/strong><\/p>\n<p><strong>\u00a0<\/strong><\/p>\n<p><strong>\u00a0<\/strong><\/p>\n<p><strong>\u00a0<\/strong><\/p>\n<p>&nbsp;<\/p>\n<p>\n<\/div><\/div><\/div><\/div><\/div><\/div><\/div><\/div><\/section>","protected":false},"excerpt":{"rendered":"","protected":false},"author":1,"featured_media":1662,"parent":0,"menu_order":0,"comment_status":"closed","ping_status":"closed","template":"","meta":{"footnotes":""},"class_list":["post-1659","page","type-page","status-publish","has-post-thumbnail","hentry"],"aioseo_notices":[],"_links":{"self":[{"href":"https:\/\/drisikustuner.com\/en\/wp-json\/wp\/v2\/pages\/1659","targetHints":{"allow":["GET"]}}],"collection":[{"href":"https:\/\/drisikustuner.com\/en\/wp-json\/wp\/v2\/pages"}],"about":[{"href":"https:\/\/drisikustuner.com\/en\/wp-json\/wp\/v2\/types\/page"}],"author":[{"embeddable":true,"href":"https:\/\/drisikustuner.com\/en\/wp-json\/wp\/v2\/users\/1"}],"replies":[{"embeddable":true,"href":"https:\/\/drisikustuner.com\/en\/wp-json\/wp\/v2\/comments?post=1659"}],"version-history":[{"count":4,"href":"https:\/\/drisikustuner.com\/en\/wp-json\/wp\/v2\/pages\/1659\/revisions"}],"predecessor-version":[{"id":1682,"href":"https:\/\/drisikustuner.com\/en\/wp-json\/wp\/v2\/pages\/1659\/revisions\/1682"}],"wp:featuredmedia":[{"embeddable":true,"href":"https:\/\/drisikustuner.com\/en\/wp-json\/wp\/v2\/media\/1662"}],"wp:attachment":[{"href":"https:\/\/drisikustuner.com\/en\/wp-json\/wp\/v2\/media?parent=1659"}],"curies":[{"name":"wp","href":"https:\/\/api.w.org\/{rel}","templated":true}]}}