{"id":1668,"date":"2025-07-19T07:43:01","date_gmt":"2025-07-19T07:43:01","guid":{"rendered":"https:\/\/drisikustuner.com\/?page_id=1668"},"modified":"2025-07-19T08:01:16","modified_gmt":"2025-07-19T08:01:16","slug":"menopoz-hormon-tedavisi","status":"publish","type":"page","link":"https:\/\/drisikustuner.com\/en\/menopoz-hormon-tedavisi\/","title":{"rendered":"Menopoz Hormon Tedavisi"},"content":{"rendered":"<section id=\"bt_section69e007067f5bc\"  class=\"boldSection gutter\" ><div class=\"port\"><div class=\"boldCell\"><div class=\"boldCellInner\"><div class=\"boldRow\" ><div class=\"boldRowInner\"><div class=\"rowItem col-md-12 col-ms-12  btTextLeft\"  ><div class=\"rowItemContent\" ><div class=\"btText\" ><\/p>\n<p>Menopoz, adetlerin do\u011fal olarak durdu\u011fu d\u00f6nem olarak tan\u0131mlan\u0131r. Bu d\u00f6nemde yumurtal\u0131klar yumurta sal\u0131n\u0131m\u0131n\u0131 ve \u00f6strojen ve\u00a0progesteron\u00a0hormonlar\u0131n\u0131n \u00fcretimini durdurur . Menopoz genellikle 45-55 ya\u015flar\u0131 aras\u0131nda g\u00f6r\u00fcl\u00fcr; ortalama ya\u015f 51&#8217;dir.\u00a0<strong>Bir y\u0131l<\/strong>\u00a0adet g\u00f6rmeme olarak tan\u0131mlanan menopozdan sonra art\u0131k hamile kalmak m\u00fcmk\u00fcn de\u011fildir.<\/p>\n<p>Menopoz aniden ger\u00e7ekle\u015fmez; \u00e7o\u011fu insan ilk olarak adet d\u00f6nemlerinde birka\u00e7 y\u0131l s\u00fcren de\u011fi\u015fiklikler ya\u015far (de\u011fi\u015fen d\u00f6ng\u00fc uzunluklar\u0131 ve ard\u0131ndan tamamen durmadan \u00f6nce atlanan adet d\u00f6nemleri). Bu d\u00f6neme &#8220;menopoz ge\u00e7i\u015fi&#8221; veya &#8220;perimenopoz&#8221; denir. Bu d\u00f6nemde, azalan \u00f6strojen seviyeleri ate\u015f basmas\u0131, gece terlemeleri, ruh hali de\u011fi\u015fiklikleri ve uyku sorunlar\u0131 gibi semptomlara neden olmaya ba\u015flar. \u0130lerleyen y\u0131llarda bir\u00e7ok ki\u015fi vajinal kuruluk da ya\u015far.<\/p>\n<p>Menopoz hayat\u0131n normal bir par\u00e7as\u0131d\u0131r ve her zaman tedavi edilmesi gerekmez. Ancak, rahats\u0131z edici semptomlar\u0131n\u0131z varsa, hormon tedavisi ve hormon d\u0131\u015f\u0131 se\u00e7enekler de dahil olmak \u00fczere etkili tedaviler mevcuttur.<\/p>\n<p><strong>MENOPOZ HORMON TEDAV\u0130S\u0130 NED\u0130R?<\/strong><\/p>\n<p>Menopoz hormon tedavisi, menopozun rahats\u0131z edici semptomlar\u0131n\u0131 hafifletmek i\u00e7in verilen iki hormon olan \u00f6strojen ve progestini tan\u0131mlamak i\u00e7in kullan\u0131lan bir terimdir. \u00d6strojen, semptomlar\u0131 hafifleten hormondur.<\/p>\n<p>Histerektomi ge\u00e7iren ki\u015filerin rahmi yoktur ve yaln\u0131zca \u00f6strojen ile tedavi edilirsiniz.<\/p>\n<p><strong>\u00d6strojen \u00e7e\u015fitleri\u00a0<\/strong>\u00a0\u2014\u00a0\u00a0\u00d6strojen bir\u00e7ok farkl\u0131 formda mevcuttur. S\u0131cak basmalar\u0131 i\u00e7in deriye yap\u0131\u015ft\u0131r\u0131lan bir bant (cilde s\u00fcr\u00fclerek), a\u011f\u0131zdan al\u0131nan bir hap veya vajinaya yerle\u015ftirilen bir &#8220;halka&#8221; veya tablet olarak al\u0131nabilir. Ayr\u0131ca cilde uygulanabilen jeller ve spreyler de mevcuttur.<\/p>\n<p>Doktorlar\u0131n menopoz belirtilerini tedavi etmek i\u00e7in kulland\u0131klar\u0131 ana \u00f6strojen t\u00fcr\u00fc estradiold\u00fcr. Estradiol, yumurtal\u0131klar\u0131n \u00fcreme hayat\u0131 boyunca \u00fcretti\u011fi \u00f6strojenle ayn\u0131 olan \u00f6strojendir. Oral estradiol\u00fcn standart dozu a\u011f\u0131z yoluyla g\u00fcnde 1 mg&#8217;d\u0131r. 0,5 mg gibi daha d\u00fc\u015f\u00fck dozlar\u0131n daha az yan etkisi oldu\u011fu g\u00f6r\u00fclmektedir. Estradiol ayr\u0131ca cilt band\u0131, vajinal halka, sprey veya jel olarak da verilebilir.<\/p>\n<p><strong>\u00d6strojen band\u0131\u00a0<\/strong>\u00a0\u2014\u00a0\u00a0Bir\u00e7ok uzman art\u0131k \u00f6strojen haplar\u0131 yerine estradiol band\u0131 re\u00e7ete etmeyi tercih ediyor (\u00e7\u00fcnk\u00fc \u00f6strojen haplar\u0131na g\u00f6re kan p\u0131ht\u0131la\u015fmas\u0131 riski daha d\u00fc\u015f\u00fck). \u00d6strojen ve progestin i\u00e7eren kombine bantlar da mevcuttur. Baz\u0131 bantlar\u0131n birka\u00e7 g\u00fcnde bir de\u011fi\u015ftirilmesi gerekirken, baz\u0131lar\u0131n\u0131n haftada yaln\u0131zca bir kez de\u011fi\u015ftirilmesi yeterlidir.<\/p>\n<p>\u00d6strojen bantlar\u0131, kemik yo\u011funlu\u011funu art\u0131rmak ve menopoz semptomlar\u0131n\u0131 tedavi etmek i\u00e7in \u00f6strojen haplar\u0131 kadar etkilidir.<\/p>\n<p><strong>\u00d6strojen hap\u0131\u00a0<\/strong>\u00a0\u2014\u00a0\u00a0Estradiol tercih edilen \u00f6strojen t\u00fcr\u00fc olsa da, bazen kullan\u0131lan ba\u015fka t\u00fcrleri de vard\u0131r. T\u00fcm \u00f6strojen t\u00fcrleri menopoz semptomlar\u0131n\u0131 hafifletmeye yard\u0131mc\u0131 olabilir.<\/p>\n<p>Hem \u00f6strojen hem de progestin i\u00e7eren kombine haplar mevcuttur.<\/p>\n<p><strong>D\u00fc\u015f\u00fck dozlu do\u011fum kontrol hap\u0131\u00a0<\/strong>\u00a0\u2014\u00a0\u00a0\u00c7ok d\u00fc\u015f\u00fck dozlu do\u011fum kontrol haplar\u0131, rahats\u0131z edici ate\u015f basmas\u0131, d\u00fczensiz kanama ya\u015fayan ve hala g\u00fcvenilir bir do\u011fum kontrol y\u00f6ntemine ihtiya\u00e7 duyan 40&#8217;l\u0131 ya\u015flar\u0131ndaki ki\u015filer i\u00e7in iyi bir se\u00e7enektir. 40 ya\u015f \u00fcst\u00fc ve obez ki\u015filerde kan p\u0131ht\u0131la\u015fmas\u0131 riskinin daha y\u00fcksek olmas\u0131 nedeniyle dikkatli olunmal\u0131d\u0131r. 40 ya\u015f \u00fcst\u00fc ve y\u00fcksek tansiyonu olan ki\u015filerde do\u011fum kontrol hap\u0131 kullan\u0131m\u0131 fel\u00e7 riskini art\u0131r\u0131r.<\/p>\n<p>Do\u011fum kontrol haplar\u0131, menopozu tamamlam\u0131\u015f ki\u015filere genellikle\u00a0<strong>\u00f6nerilmez<\/strong>\u00a0, \u00e7\u00fcnk\u00fc \u00f6strojen dozu, s\u0131cak basmalar\u0131n\u0131 hafifletmek i\u00e7in gerekenden daha y\u00fcksektir.<\/p>\n<p><strong>Vajinal \u00f6strojen\u00a0<\/strong>\u00a0\u2014\u00a0\u00a0Vajinal kuruluk \u00f6strojenle de tedavi edilebilir; doktorlar kurulu\u011fu tedavi eden ancak ate\u015f basmalar\u0131n\u0131 tedavi etmeyen \u00e7ok d\u00fc\u015f\u00fck dozlar re\u00e7ete ederler (\u00e7\u00fcnk\u00fc doz kan dola\u015f\u0131m\u0131na ge\u00e7emeyecek kadar d\u00fc\u015f\u00fckt\u00fcr). Vajinal \u00f6strojen krem, vajinal halka veya vajinal \u00f6strojen tabletleri \u015feklinde bulunur. D\u00fc\u015f\u00fck dozlu vajinal \u00f6strojenler progestin hap\u0131 kullan\u0131m\u0131n\u0131 gerektirmez.<\/p>\n<p><strong>Progesteron\u00a0<\/strong>\u00a0\u2014\u00a0Progesteron, uterusu olan menopozlu kad\u0131nlarda endometriyal hiperplaziyi \u00f6nlemek ve kar\u015f\u0131lanmam\u0131\u015f \u00f6strojen kullan\u0131m\u0131na ba\u011fl\u0131 kanser riskini azaltmak i\u00e7in menopozal hormon tedavisinin temel bir bile\u015fenidir.<\/p>\n<ul>\n<li><strong>Progesteron<\/strong>\u2013 Uzmanlar \u00e7o\u011fu insan i\u00e7in do\u011fal\u00a0progesteronu\u00a0\u00f6neriyor . Buna mikronize progesteron denir. Sentetik progesteron benzeri hormonlar\u0131n (progestinler) yan\u0131 s\u0131ra\u00a0medroksiprogesteron asetat\u00a0,\u00a0noretindron\u00a0ve\u00a0norgestrel\u00a0de mevcuttur.<\/li>\n<\/ul>\n<p>Mikronize\u00a0progesteronun\u00a0lipitler \u00fczerinde olumsuz bir etkisi yoktur ve y\u00fcksek kolesterol seviyelerine sahip ki\u015filer i\u00e7in iyi bir se\u00e7imdir.<\/p>\n<p><strong>Bile\u015fik &#8220;biyo\u00f6zde\u015f&#8221; \u00fcr\u00fcnler\u00a0<\/strong>\u00a0\u2014\u00a0\u00a0Bir\u00e7ok ki\u015fi, menopoz semptomlar\u0131n\u0131 tedavi etmek i\u00e7in geleneksel hormonlara alternatif olarak bile\u015fik &#8220;biyo\u00f6zde\u015f&#8221; hormon tedavisine y\u00f6nelmi\u015ftir. &#8220;Biyo\u00f6zde\u015f&#8221;, tedavide kullan\u0131lan hormonlar\u0131n, yumurtal\u0131klar\u0131n \u00fcretti\u011fi hormonlarla molek\u00fcler yap\u0131 olarak ayn\u0131 oldu\u011fu anlam\u0131na gelir. &#8220;Bile\u015fik&#8221; ise, preparat\u0131n hap, krem veya vajinal fitil \u015feklinde ki\u015fiye \u00f6zel bir hormon dozu olu\u015fturmak i\u00e7in \u00f6zel bir eczanede kar\u0131\u015ft\u0131r\u0131ld\u0131\u011f\u0131 anlam\u0131na gelir.<\/p>\n<p>Bu \u00f6zel olarak haz\u0131rlanm\u0131\u015f \u00fcr\u00fcnlerin kalitesi ABD G\u0131da ve \u0130la\u00e7 Dairesi (FDA) taraf\u0131ndan\u00a0<strong>d\u00fczenlenmemektedir<\/strong>\u00a0ve hormon dozu partiden partiye de\u011fi\u015fiklik g\u00f6sterebilir. Bu nedenle uzman gruplar\u0131, bu \u00fcr\u00fcnlerin kullan\u0131m\u0131na kar\u015f\u0131 uyar\u0131da bulunmaktad\u0131r. Ancak 2019 y\u0131l\u0131nda, biyolojik olarak \u00f6zde\u015f bir \u00f6strojen-progestin hap\u0131 piyasaya s\u00fcr\u00fclm\u00fc\u015ft\u00fcr; bu preparat, \u00f6zel olarak haz\u0131rlanmam\u0131\u015ft\u0131r ve FDA taraf\u0131ndan\u00a0<strong>onaylanm\u0131\u015ft\u0131r<\/strong>\u00a0, yani belgelenmi\u015f bir g\u00fcvenlik ve etkinli\u011fe sahiptir. Bu, daha geleneksel hormon tedavilerini tercih etmeyen ki\u015filer i\u00e7in iyi bir se\u00e7enek olabilir. Ayr\u0131ca kilo al\u0131m\u0131 veya y\u00fcksek tansiyon gibi istenmeyen yan etkilere neden oldu\u011fu da tespit edilmemi\u015ftir.<\/p>\n<p><strong>HORMON TERAP\u0130S\u0130N\u0130N R\u0130SKLER\u0130 VE FAYDALARI<\/strong><\/p>\n<p>Kad\u0131n Sa\u011fl\u0131\u011f\u0131 Giri\u015fimi (WHI), hormon tedavisinin menopoz sonras\u0131 kalp krizi (koroner kalp hastal\u0131\u011f\u0131 [KKH]) riskini azalt\u0131p azaltmad\u0131\u011f\u0131n\u0131 ara\u015ft\u0131rmak \u00fczere tasarlanm\u0131\u015f geni\u015f kapsaml\u0131 bir \u00e7al\u0131\u015fmayd\u0131. \u00c7al\u0131\u015fma, kombine \u00f6strojen-progestin tedavisinin 50-59 ya\u015f aras\u0131 gen\u00e7 postmenopozal kad\u0131nlarda g\u00fcvenli oldu\u011funu, kalp krizi veya \u00f6l\u00fcm riskinde art\u0131\u015fa yol a\u00e7mad\u0131\u011f\u0131n\u0131 ve meme kanseri ve kan p\u0131ht\u0131s\u0131 riskinde \u00e7ok k\u00fc\u00e7\u00fck art\u0131\u015flara neden oldu\u011funu ortaya koydu. Ancak, \u00f6zellikle 70 ya\u015f \u00fcst\u00fc ya\u015fl\u0131 kad\u0131nlarda \u00f6strojen-progestin tedavisinin kalp krizi, fel\u00e7 ve kan p\u0131ht\u0131s\u0131 riskinde art\u0131\u015fla ili\u015fkili oldu\u011fu g\u00f6r\u00fcld\u00fc.<\/p>\n<p>Yumurtal\u0131klar\u0131n \u00fcretti\u011fi hormonlarla (\u00f6stradiol ve\u00a0progesteron\u00a0) ayn\u0131 hormonlar\u0131 kullanan modern hormon rejimlerinin, WHI&#8217;da kullan\u0131lanlardan \u00f6nemli \u00f6l\u00e7\u00fcde daha g\u00fcvenli oldu\u011fu d\u00fc\u015f\u00fcn\u00fclmektedir.<\/p>\n<p>Sadece \u00f6strojen kullan\u0131m\u0131n\u0131n incelendi\u011fi \u00e7al\u0131\u015fman\u0131n sonu\u00e7lar\u0131 farkl\u0131yd\u0131. Sadece \u00f6strojen alan ki\u015filerde fel\u00e7 ve kan p\u0131ht\u0131s\u0131 riskinde k\u00fc\u00e7\u00fck bir art\u0131\u015f g\u00f6zlemlenirken, kalp krizi riskinde art\u0131\u015f g\u00f6zlenmedi. Sadece \u00f6strojen alan ki\u015filerde ise meme kanseri riski azald\u0131.<\/p>\n<p><strong>Kalp krizleri\u00a0<\/strong>\u00a0\u2014\u00a0\u00a0Hormon tedavisi kullan\u0131m\u0131na ba\u011fl\u0131 kalp krizi ge\u00e7irme riski ya\u015f\u0131n\u0131za ba\u011fl\u0131 gibi g\u00f6r\u00fcnmektedir.\u00a0A\u015fa\u011f\u0131daki ki\u015filerde hormon tedavisine ba\u011fl\u0131 kalp krizi riskinde art\u0131\u015f\u00a0<strong>g\u00f6r\u00fclmemektedir :<\/strong><\/p>\n<ul>\n<li>Hormon tedavisine ba\u015flamadan 10 y\u0131ldan az bir s\u00fcre \u00f6nce menopoza girdim<\/li>\n<\/ul>\n<p><strong>veya<\/strong><\/p>\n<ul>\n<li>Hormon tedavisi ald\u0131klar\u0131nda ya\u015flar\u0131 50 ila 59 aras\u0131ndayd\u0131<\/li>\n<\/ul>\n<p>WHI&#8217;den bu yana yap\u0131lan di\u011fer \u00e7al\u0131\u015fmalar da hormon tedavisinin gen\u00e7lerde kalp krizi riskini art\u0131rmad\u0131\u011f\u0131n\u0131 bildirmektedir\u00a0<strong>;<\/strong>\u00a0hatta baz\u0131lar\u0131 riski biraz azaltabilece\u011fini \u00f6ne s\u00fcrmektedir. WHI&#8217;de, menopoza 10 y\u0131ldan uzun s\u00fcre \u00f6nce girmi\u015f veya 60 ya\u015f \u00fcst\u00fc ki\u015filerde hormon tedavisine ba\u011fl\u0131 kalp krizi ge\u00e7irme riski daha y\u00fcksek bulunmu\u015ftur.<\/p>\n<p><strong>Meme kanseri\u00a0<\/strong>\u00a0\u2014\u00a0\u00a0Menopoz Derne\u011fi, menopoz hormon tedavisinin tipik kullan\u0131m\u0131n\u0131n meme kanseri riskini \u00f6nemli \u00f6l\u00e7\u00fcde art\u0131rmad\u0131\u011f\u0131 sonucuna varm\u0131\u015ft\u0131r. WHI&#8217;da, kombine tedavi g\u00f6ren gen\u00e7 menopoz hastalar\u0131nda mutlak a\u015f\u0131r\u0131 risk \u00e7ok d\u00fc\u015f\u00fckt\u00fc ve sadece \u00f6strojen kullananlarda riskte bir azalma vard\u0131.<\/p>\n<p><strong>Osteoporotik k\u0131r\u0131k\u00a0<\/strong>\u00a0\u2014\u00a0\u00a0Osteoporoz nedeniyle kal\u00e7a veya omurga kemi\u011finin k\u0131r\u0131lma riski, \u00f6strojen-progestin veya tek ba\u015f\u0131na \u00f6strojen kullanan ki\u015filerde daha d\u00fc\u015f\u00fckt\u00fcr. Ancak, osteoporozu \u00f6nlemek veya tedavi etmek i\u00e7in hormon tedavisi \u00f6nerilmez, \u00e7\u00fcnk\u00fc\u00a0\u00e7ok etkili ve daha az ciddi risk ta\u015f\u0131yan kemik ila\u00e7lar\u0131 vard\u0131r.<\/p>\n<p><strong>Demans\u00a0<\/strong>\u00a0\u2014\u00a0\u00a0WHI&#8217;da incelenen ya\u015fl\u0131 kad\u0131nlarda, tek ba\u015f\u0131na \u00f6strojen veya \u00f6strojen-progestin kombinasyonu ile haf\u0131za veya d\u00fc\u015f\u00fcnmede herhangi bir iyile\u015fme g\u00f6r\u00fclmedi, ancak hormon tedavisine ge\u00e7 ya\u015fta ba\u015flayan ya\u015fl\u0131 kad\u0131nlarda demans geli\u015ftirme riskinde art\u0131\u015f g\u00f6r\u00fcld\u00fc. WHI&#8217;da veya di\u011fer \u00e7al\u0131\u015fmalarda, menopoz d\u00f6nemindeki gen\u00e7 kad\u0131nlarda demans riskinde herhangi bir art\u0131\u015f g\u00f6r\u00fclmedi.<\/p>\n<p>Baz\u0131 uzmanlar, \u00f6strojen tedavisinin menopozdan sonraki ilk y\u0131llarda al\u0131nmas\u0131n\u0131n bunamay\u0131 \u00f6nlemede faydal\u0131 olabilece\u011fini d\u00fc\u015f\u00fcn\u00fcyor (ancak bu kan\u0131tlanmam\u0131\u015f); menopozdan y\u0131llar sonra al\u0131nmas\u0131n\u0131n ise zararl\u0131 oldu\u011fu g\u00f6r\u00fcl\u00fcyor.<\/p>\n<p><strong>Depresyon\u00a0<\/strong>\u00a0\u2014\u00a0\u00a0Menopoza ge\u00e7i\u015f d\u00f6neminde bir\u00e7ok ki\u015fi anksiyete ve\/veya depresyon ya\u015far. Baz\u0131 \u00e7al\u0131\u015fmalar, \u00f6strojen tedavisinin ruh halini iyile\u015ftirmeye ve depresyonu azaltmaya yard\u0131mc\u0131 oldu\u011funu g\u00f6stermektedir. Ancak baz\u0131 ki\u015filerin kendilerini daha iyi hissetmeleri i\u00e7in hem \u00f6strojen hem de antidepresan tedavisi almalar\u0131 gerekir. Ki\u015fi menopozu tamamlad\u0131ktan ve hormonlar\u0131 dengelendikten sonra genellikle daha iyi hissetmeye ba\u015flar.<\/p>\n<p><strong>Uyku sorunlar\u0131\u00a0<\/strong>\u00a0\u2014\u00a0\u00a0Menopoz ge\u00e7i\u015f d\u00f6neminde bir\u00e7ok ki\u015fi uyku sorunlar\u0131 ya\u015far. Bazen bunun nedeni, geceleri uykuyu etkileyen ate\u015f basmalar\u0131 (gece terlemeleri) ya\u015famalar\u0131d\u0131r. Ancak, ate\u015f basmas\u0131 ya\u015famasalar bile uyku sorunu ya\u015fayabilirler. Bu, huzursuz bacak sendromu ve uyku apnesi gibi rahats\u0131zl\u0131klardan kaynaklanabilir. \u00d6strojen tedavisi, gece terlemesi ya\u015fayan ki\u015filerde uykuyu iyile\u015ftirmede olduk\u00e7a etkilidir.<\/p>\n<p><strong>HORMON TEDAV\u0130S\u0130 K\u0130MLER \u0130\u00c7\u0130N UYGULANMALIDIR?<\/strong><\/p>\n<p>Sistemik hormon tedavisi alman\u0131n en yayg\u0131n nedeni, ate\u015f basmas\u0131 veya vajinal kuruluk gibi rahats\u0131z edici menopoz semptomlar\u0131n\u0131 tedavi etmektir. \u00c7o\u011fu uzman, menopoz semptomlar\u0131 olan ve menopozun ba\u015flang\u0131c\u0131ndan itibaren ilk 10 y\u0131l i\u00e7inde olan sa\u011fl\u0131kl\u0131 ki\u015filer i\u00e7in hormon tedavisinin g\u00fcvenli oldu\u011fu konusunda hemfikirdir.<\/p>\n<p><strong>Hormon tedavisi ne zaman sonland\u0131r\u0131lmal\u0131d\u0131r?\u00a0<\/strong>\u00a0\u2014\u00a0\u00a0Baz\u0131 uzmanlar, meme kanseri riskinin artmas\u0131n\u0131 \u00f6nlemek i\u00e7in hormon tedavisini yakla\u015f\u0131k be\u015f y\u0131l sonra azaltman\u0131z\u0131 ve b\u0131rakman\u0131z\u0131 \u00f6nermektedir. Ancak, s\u0131cak basmalar\u0131n\u0131n ortalama s\u00fcresi 7 ila 10 y\u0131l olsa da daha uzun s\u00fcrebildi\u011fi i\u00e7in bu genellikle zor olabilir. Baz\u0131 uzmanlar daha liberal bir yakla\u015f\u0131m benimseyerek hormon tedavisine 60, hatta baz\u0131 ki\u015filerde 65 ya\u015f\u0131ndan sonra da devam eder. Sizin i\u00e7in do\u011fru karar\u0131 verebilmek ad\u0131na doktorunuzla riskler ve faydalar hakk\u0131nda konu\u015fman\u0131z \u00f6nemlidir.<\/p>\n<p>Bant kullan\u0131yorsan\u0131z, doktorunuz dozu azaltman\u0131za yard\u0131mc\u0131 olmak i\u00e7in size daha d\u00fc\u015f\u00fck dozlu bir bant verebilir. Hap kullan\u0131yorsan\u0131z, bunu yapman\u0131n bir yolu, ba\u015flang\u0131\u00e7ta haftada bir hap\u0131 atlamak, ard\u0131ndan hi\u00e7 hap almayana kadar haftada bir hap say\u0131s\u0131n\u0131 kademeli olarak azaltmakt\u0131r.<\/p>\n<p>Hormon dozunuzu d\u00fc\u015f\u00fcrd\u00fc\u011f\u00fcn\u00fczde menopoz belirtileri tekrar ortaya \u00e7\u0131karsa, hormon tedavisi alternatiflerini deneyebilirsiniz. Baz\u0131 ki\u015filerin bir s\u00fcre hormon tedavisine geri d\u00f6nmesi gerekebilir.<\/p>\n<p>D\u00fc\u015f\u00fck doz vajinal hormon tedavisi, menopozun neden oldu\u011fu vajinal kuruluk, vajinal yanma ve s\u0131k idrar yolu enfeksiyonlar\u0131n\u0131 tedavi etmek i\u00e7in kullan\u0131l\u0131r. D\u00fc\u015f\u00fck doz vajinal tedavi, t\u0131bbi komplikasyonlara yol a\u00e7mad\u0131\u011f\u0131 i\u00e7in her ya\u015fta uygulanabilir.<\/p>\n<p><strong>Hormonlardan kimler ka\u00e7\u0131nmal\u0131d\u0131r?\u00a0<\/strong>\u00a0\u2014\u00a0\u00a0A\u015fa\u011f\u0131daki durumlarda hormon tedavisi \u00f6nerilmez:<\/p>\n<ul>\n<li>Mevcut veya ge\u00e7mi\u015fte meme kanseri \u00f6yk\u00fcs\u00fc<\/li>\n<li>Koroner kalp hastal\u0131\u011f\u0131<\/li>\n<li>Karaci\u011fer hastal\u0131\u011f\u0131<\/li>\n<li>De\u011ferlendirilmemi\u015f anormal kanama<\/li>\n<li>Daha \u00f6nce ge\u00e7irilmi\u015f kan p\u0131ht\u0131s\u0131, kalp krizi veya fel\u00e7<\/li>\n<li>Bu komplikasyonlar i\u00e7in y\u00fcksek risk<\/li>\n<\/ul>\n<p>Sizi rahats\u0131z eden ancak hormon tedavisine uygun olmayan semptomlar\u0131n\u0131z varsa, se\u00e7enekleriniz hakk\u0131nda doktorunuzla konu\u015fun.<\/p>\n<p><strong>Meme kanseri olan kad\u0131nlar\u00a0<\/strong>\u00a0\u2014\u00a0\u00a0Meme kanseri hastalar\u0131, meme kanseri tedavileri nedeniyle genellikle erken menopoza girerler. Bu ki\u015filere \u00f6strojen veya hormon tedavisi (a\u011f\u0131zdan veya bantla)\u00a0<strong>\u00f6nerilmez<\/strong>\u00a0. Hormonlar, kanserin tekrarlama riskini art\u0131rabilir.<\/p>\n<p>Hormon tedavisine alternatifler mevcuttur ve genellikle rahats\u0131z edici menopoz semptomlar\u0131n\u0131 hafifletmede etkilidir.<\/p>\n<p><strong>Prof. Dr. I\u015f\u0131k \u00dcst\u00fcner<\/strong><\/p>\n<p><strong>Kad\u0131n Hastal\u0131klar\u0131 ve Do\u011fum <\/strong><\/p>\n<p>&nbsp;<\/p>\n<p>&nbsp;<\/p>\n<p>\n<\/div><\/div><\/div><\/div><\/div><\/div><\/div><\/div><\/section>","protected":false},"excerpt":{"rendered":"","protected":false},"author":1,"featured_media":1669,"parent":0,"menu_order":0,"comment_status":"closed","ping_status":"closed","template":"","meta":{"footnotes":""},"class_list":["post-1668","page","type-page","status-publish","has-post-thumbnail","hentry"],"aioseo_notices":[],"_links":{"self":[{"href":"https:\/\/drisikustuner.com\/en\/wp-json\/wp\/v2\/pages\/1668","targetHints":{"allow":["GET"]}}],"collection":[{"href":"https:\/\/drisikustuner.com\/en\/wp-json\/wp\/v2\/pages"}],"about":[{"href":"https:\/\/drisikustuner.com\/en\/wp-json\/wp\/v2\/types\/page"}],"author":[{"embeddable":true,"href":"https:\/\/drisikustuner.com\/en\/wp-json\/wp\/v2\/users\/1"}],"replies":[{"embeddable":true,"href":"https:\/\/drisikustuner.com\/en\/wp-json\/wp\/v2\/comments?post=1668"}],"version-history":[{"count":3,"href":"https:\/\/drisikustuner.com\/en\/wp-json\/wp\/v2\/pages\/1668\/revisions"}],"predecessor-version":[{"id":1684,"href":"https:\/\/drisikustuner.com\/en\/wp-json\/wp\/v2\/pages\/1668\/revisions\/1684"}],"wp:featuredmedia":[{"embeddable":true,"href":"https:\/\/drisikustuner.com\/en\/wp-json\/wp\/v2\/media\/1669"}],"wp:attachment":[{"href":"https:\/\/drisikustuner.com\/en\/wp-json\/wp\/v2\/media?parent=1668"}],"curies":[{"name":"wp","href":"https:\/\/api.w.org\/{rel}","templated":true}]}}